{"id":2760,"date":"2026-04-08T21:09:01","date_gmt":"2026-04-08T19:09:01","guid":{"rendered":"https:\/\/kokostore.pl\/?post_type=product&#038;p=2760"},"modified":"2026-04-08T21:09:01","modified_gmt":"2026-04-08T19:09:01","slug":"sukienka-braz","status":"publish","type":"product","link":"https:\/\/kokostore.pl\/index.php\/produkt\/sukienka-braz\/","title":{"rendered":"SUKIENKA BR\u0104Z"},"content":{"rendered":"<p data-start=\"0\" data-end=\"63\">Elegancka sukienka dziewcz\u0119ca w stylu klasycznej romantyki &#x1f33f;&#x1f338;<\/p>\n<p data-start=\"65\" data-end=\"345\">Pi\u0119kna sukienka z d\u0142ugim r\u0119kawem, ozdobiona wyj\u0105tkowym kwiatowym wzorem w odcieniach br\u0105zu, bordo i delikatnej zieleni. Subtelne, stonowane kolory sprawiaj\u0105, \u017ce sukienka prezentuje si\u0119 bardzo stylowo i ponadczasowo \u2013 idealna zar\u00f3wno na co dzie\u0144, jak i na bardziej uroczyste okazje.<\/p>\n<p data-start=\"347\" data-end=\"572\">Model z odci\u0119ciem w pasie i lekko rozkloszowanym do\u0142em pi\u0119knie uk\u0142ada si\u0119 w ruchu, zapewniaj\u0105c swobod\u0119 i komfort noszenia. Dodatkowym urokiem s\u0105 delikatne falbanki przy ramionach, kt\u00f3re nadaj\u0105 ca\u0142o\u015bci dziewcz\u0119cego charakteru.<\/p>\n<p data-start=\"574\" data-end=\"809\">&#x2714; d\u0142ugi r\u0119kaw \u2013 idealna na ch\u0142odniejsze dni<br data-start=\"617\" data-end=\"620\" \/>&#x2714; mi\u0119kki i wygodny materia\u0142<br data-start=\"647\" data-end=\"650\" \/>&#x2714; elegancki, kwiatowy print<br data-start=\"677\" data-end=\"680\" \/>&#x2714; rozkloszowany fason zapewniaj\u0105cy swobod\u0119 ruch\u00f3w<br data-start=\"729\" data-end=\"732\" \/>&#x2714; doskona\u0142a na przedszkole, szko\u0142\u0119, rodzinne uroczysto\u015bci i sesje zdj\u0119ciowe<\/p>\n<p data-start=\"811\" data-end=\"864\" data-is-last-node=\"\" data-is-only-node=\"\">Stylowa i wygodna propozycja dla ka\u017cdej ma\u0142ej damy &#x1f495;<\/p>\n","protected":false},"excerpt":{"rendered":"<p>Elegancka sukienka dziewcz\u0119ca w stylu klasycznej romantyki &#x1f33f;&#x1f338; Pi\u0119kna sukienka z d\u0142ugim r\u0119kawem, ozdobiona wyj\u0105tkowym kwiatowym wzorem w odcieniach br\u0105zu, bordo i delikatnej zieleni. Subtelne, stonowane kolory sprawiaj\u0105, \u017ce sukienka prezentuje si\u0119 bardzo stylowo i ponadczasowo \u2013 idealna zar\u00f3wno na co dzie\u0144, jak i na bardziej uroczyste okazje. Model z odci\u0119ciem w pasie i lekko [&hellip;]<\/p>\n","protected":false},"featured_media":2764,"comment_status":"open","ping_status":"closed","template":"","meta":{"_et_pb_use_builder":"","_et_pb_old_content":"","_et_gb_content_width":""},"product_brand":[],"product_cat":[56,20,35,51,52,53,25,43],"product_tag":[],"class_list":{"0":"post-2760","1":"product","2":"type-product","3":"status-publish","4":"has-post-thumbnail","6":"product_cat-wszystko","7":"product_cat-6-7-lat","8":"product_cat-4-5-lat","9":"product_cat-kolekcje","10":"product_cat-codzienne","11":"product_cat-okazjonalne","12":"product_cat-dziewczynka","13":"product_cat-sukienki","15":"first","16":"instock","17":"shipping-taxable","18":"purchasable","19":"product-type-variable"},"_links":{"self":[{"href":"https:\/\/kokostore.pl\/index.php\/wp-json\/wp\/v2\/product\/2760","targetHints":{"allow":["GET"]}}],"collection":[{"href":"https:\/\/kokostore.pl\/index.php\/wp-json\/wp\/v2\/product"}],"about":[{"href":"https:\/\/kokostore.pl\/index.php\/wp-json\/wp\/v2\/types\/product"}],"replies":[{"embeddable":true,"href":"https:\/\/kokostore.pl\/index.php\/wp-json\/wp\/v2\/comments?post=2760"}],"wp:featuredmedia":[{"embeddable":true,"href":"https:\/\/kokostore.pl\/index.php\/wp-json\/wp\/v2\/media\/2764"}],"wp:attachment":[{"href":"https:\/\/kokostore.pl\/index.php\/wp-json\/wp\/v2\/media?parent=2760"}],"wp:term":[{"taxonomy":"product_brand","embeddable":true,"href":"https:\/\/kokostore.pl\/index.php\/wp-json\/wp\/v2\/product_brand?post=2760"},{"taxonomy":"product_cat","embeddable":true,"href":"https:\/\/kokostore.pl\/index.php\/wp-json\/wp\/v2\/product_cat?post=2760"},{"taxonomy":"product_tag","embeddable":true,"href":"https:\/\/kokostore.pl\/index.php\/wp-json\/wp\/v2\/product_tag?post=2760"}],"curies":[{"name":"wp","href":"https:\/\/api.w.org\/{rel}","templated":true}]}}