{"id":2753,"date":"2026-04-08T21:01:27","date_gmt":"2026-04-08T19:01:27","guid":{"rendered":"https:\/\/kokostore.pl\/?post_type=product&#038;p=2753"},"modified":"2026-04-08T21:09:40","modified_gmt":"2026-04-08T19:09:40","slug":"sukienka-roze","status":"publish","type":"product","link":"https:\/\/kokostore.pl\/index.php\/produkt\/sukienka-roze\/","title":{"rendered":"SUKIENKA R\u00f3\u017ce"},"content":{"rendered":"<p data-start=\"0\" data-end=\"62\">Urocza sukienka dziewcz\u0119ca z romantycznym, kwiatowym printem&#x1f338;<\/p>\n<p data-start=\"64\" data-end=\"379\">Stylowa i wygodna sukienka z d\u0142ugim r\u0119kawem, idealna na co dzie\u0144 oraz na wyj\u0105tkowe okazje. Wykonana z mi\u0119kkiego, przyjemnego w dotyku materia\u0142u, kt\u00f3ry zapewnia komfort noszenia przez ca\u0142y dzie\u0144. Delikatny, jasny kolor w po\u0142\u0105czeniu z r\u00f3\u017cowymi kwiatami i subtelnymi motylkami nadaje jej dziewcz\u0119cego uroku i lekko\u015bci.<\/p>\n<p data-start=\"381\" data-end=\"565\">Sukienka posiada odci\u0119cie w pasie oraz lekko rozkloszowany d\u00f3\u0142, dzi\u0119ki czemu pi\u0119knie si\u0119 uk\u0142ada i nie kr\u0119puje ruch\u00f3w. Falbanki na ramionach dodaj\u0105 jej modnego, eleganckiego charakteru.<\/p>\n<p data-start=\"567\" data-end=\"769\">&#x2714; d\u0142ugi r\u0119kaw \u2013 idealna na ch\u0142odniejsze dni<br data-start=\"610\" data-end=\"613\" \/>&#x2714; mi\u0119kki, wygodny materia\u0142<br data-start=\"639\" data-end=\"642\" \/>&#x2714; pi\u0119kny kwiatowy wz\u00f3r<br data-start=\"664\" data-end=\"667\" \/>&#x2714; dziewcz\u0119cy, rozkloszowany fason<br data-start=\"700\" data-end=\"703\" \/>&#x2714; \u015bwietna na przedszkole, szko\u0142\u0119, uroczysto\u015bci i sesje zdj\u0119ciowe<\/p>\n<p data-start=\"771\" data-end=\"829\" data-is-last-node=\"\" data-is-only-node=\"\">To doskona\u0142y wyb\u00f3r dla ma\u0142ej mi\u0142o\u015bniczki stylu i wygody &#x1f495;<\/p>\n","protected":false},"excerpt":{"rendered":"<p>Urocza sukienka dziewcz\u0119ca z romantycznym, kwiatowym printem&#x1f338; Stylowa i wygodna sukienka z d\u0142ugim r\u0119kawem, idealna na co dzie\u0144 oraz na wyj\u0105tkowe okazje. Wykonana z mi\u0119kkiego, przyjemnego w dotyku materia\u0142u, kt\u00f3ry zapewnia komfort noszenia przez ca\u0142y dzie\u0144. Delikatny, jasny kolor w po\u0142\u0105czeniu z r\u00f3\u017cowymi kwiatami i subtelnymi motylkami nadaje jej dziewcz\u0119cego uroku i lekko\u015bci. Sukienka posiada [&hellip;]<\/p>\n","protected":false},"featured_media":2754,"comment_status":"open","ping_status":"closed","template":"","meta":{"_et_pb_use_builder":"","_et_pb_old_content":"","_et_gb_content_width":""},"product_brand":[],"product_cat":[56,35,34,51,52,53,25,43],"product_tag":[],"class_list":{"0":"post-2753","1":"product","2":"type-product","3":"status-publish","4":"has-post-thumbnail","6":"product_cat-wszystko","7":"product_cat-4-5-lat","8":"product_cat-2-3-lata","9":"product_cat-kolekcje","10":"product_cat-codzienne","11":"product_cat-okazjonalne","12":"product_cat-dziewczynka","13":"product_cat-sukienki","15":"first","16":"instock","17":"shipping-taxable","18":"purchasable","19":"product-type-variable"},"_links":{"self":[{"href":"https:\/\/kokostore.pl\/index.php\/wp-json\/wp\/v2\/product\/2753","targetHints":{"allow":["GET"]}}],"collection":[{"href":"https:\/\/kokostore.pl\/index.php\/wp-json\/wp\/v2\/product"}],"about":[{"href":"https:\/\/kokostore.pl\/index.php\/wp-json\/wp\/v2\/types\/product"}],"replies":[{"embeddable":true,"href":"https:\/\/kokostore.pl\/index.php\/wp-json\/wp\/v2\/comments?post=2753"}],"wp:featuredmedia":[{"embeddable":true,"href":"https:\/\/kokostore.pl\/index.php\/wp-json\/wp\/v2\/media\/2754"}],"wp:attachment":[{"href":"https:\/\/kokostore.pl\/index.php\/wp-json\/wp\/v2\/media?parent=2753"}],"wp:term":[{"taxonomy":"product_brand","embeddable":true,"href":"https:\/\/kokostore.pl\/index.php\/wp-json\/wp\/v2\/product_brand?post=2753"},{"taxonomy":"product_cat","embeddable":true,"href":"https:\/\/kokostore.pl\/index.php\/wp-json\/wp\/v2\/product_cat?post=2753"},{"taxonomy":"product_tag","embeddable":true,"href":"https:\/\/kokostore.pl\/index.php\/wp-json\/wp\/v2\/product_tag?post=2753"}],"curies":[{"name":"wp","href":"https:\/\/api.w.org\/{rel}","templated":true}]}}