{"id":2678,"date":"2026-03-30T18:57:35","date_gmt":"2026-03-30T16:57:35","guid":{"rendered":"https:\/\/kokostore.pl\/?post_type=product&#038;p=2678"},"modified":"2026-03-30T18:57:35","modified_gmt":"2026-03-30T16:57:35","slug":"bluzka-little-star","status":"publish","type":"product","link":"https:\/\/kokostore.pl\/index.php\/produkt\/bluzka-little-star\/","title":{"rendered":"Bluzka Little Star"},"content":{"rendered":"<p>Delikatna, bia\u0142a bluzka z d\u0142ugim r\u0119kawem to idealna baza do ka\u017cdej dzieci\u0119cej stylizacji. Jej prosty, minimalistyczny design sprawia, \u017ce pasuje zar\u00f3wno do codziennych outfit\u00f3w, jak i bardziej wyj\u0105tkowych okazji.<\/p>\n<p>&#x2728; Dlaczego warto j\u0105 wybra\u0107?<br \/>\n\u2013 mi\u0119kka i przyjemna w dotyku tkanina \u2013 komfort noszenia przez ca\u0142y dzie\u0144<br \/>\n\u2013 lu\u017any, wygodny kr\u00f3j \u2013 nie kr\u0119puje ruch\u00f3w dziecka<br \/>\n\u2013 subtelna naszywka \u201eLittle Tim\u201d dodaj\u0105ca charakteru<br \/>\n\u2013 uniwersalny bia\u0142y kolor \u2013 \u0142atwy do \u0142\u0105czenia z innymi ubraniami<br \/>\n\u2013 staranne wyko\u0144czenie i dba\u0142o\u015b\u0107 o detale<\/p>\n","protected":false},"excerpt":{"rendered":"<p>Delikatna, bia\u0142a bluzka z d\u0142ugim r\u0119kawem to idealna baza do ka\u017cdej dzieci\u0119cej stylizacji. Jej prosty, minimalistyczny design sprawia, \u017ce pasuje zar\u00f3wno do codziennych outfit\u00f3w, jak i bardziej wyj\u0105tkowych okazji. &#x2728; Dlaczego warto j\u0105 wybra\u0107? \u2013 mi\u0119kka i przyjemna w dotyku tkanina \u2013 komfort noszenia przez ca\u0142y dzie\u0144 \u2013 lu\u017any, wygodny kr\u00f3j \u2013 nie kr\u0119puje ruch\u00f3w [&hellip;]<\/p>\n","protected":false},"featured_media":2679,"comment_status":"open","ping_status":"closed","template":"","meta":{"_et_pb_use_builder":"","_et_pb_old_content":"","_et_gb_content_width":""},"product_brand":[],"product_cat":[56,20,35,34,51,52,19,47],"product_tag":[],"class_list":{"0":"post-2678","1":"product","2":"type-product","3":"status-publish","4":"has-post-thumbnail","6":"product_cat-wszystko","7":"product_cat-6-7-lat","8":"product_cat-4-5-lat","9":"product_cat-2-3-lata","10":"product_cat-kolekcje","11":"product_cat-codzienne","12":"product_cat-chlopiec","13":"product_cat-bluzki-i-koszule-chlopiec","15":"first","16":"instock","17":"shipping-taxable","18":"purchasable","19":"product-type-variable"},"_links":{"self":[{"href":"https:\/\/kokostore.pl\/index.php\/wp-json\/wp\/v2\/product\/2678","targetHints":{"allow":["GET"]}}],"collection":[{"href":"https:\/\/kokostore.pl\/index.php\/wp-json\/wp\/v2\/product"}],"about":[{"href":"https:\/\/kokostore.pl\/index.php\/wp-json\/wp\/v2\/types\/product"}],"replies":[{"embeddable":true,"href":"https:\/\/kokostore.pl\/index.php\/wp-json\/wp\/v2\/comments?post=2678"}],"wp:featuredmedia":[{"embeddable":true,"href":"https:\/\/kokostore.pl\/index.php\/wp-json\/wp\/v2\/media\/2679"}],"wp:attachment":[{"href":"https:\/\/kokostore.pl\/index.php\/wp-json\/wp\/v2\/media?parent=2678"}],"wp:term":[{"taxonomy":"product_brand","embeddable":true,"href":"https:\/\/kokostore.pl\/index.php\/wp-json\/wp\/v2\/product_brand?post=2678"},{"taxonomy":"product_cat","embeddable":true,"href":"https:\/\/kokostore.pl\/index.php\/wp-json\/wp\/v2\/product_cat?post=2678"},{"taxonomy":"product_tag","embeddable":true,"href":"https:\/\/kokostore.pl\/index.php\/wp-json\/wp\/v2\/product_tag?post=2678"}],"curies":[{"name":"wp","href":"https:\/\/api.w.org\/{rel}","templated":true}]}}