{"id":2663,"date":"2026-03-25T22:46:11","date_gmt":"2026-03-25T21:46:11","guid":{"rendered":"https:\/\/kokostore.pl\/?post_type=product&#038;p=2663"},"modified":"2026-03-30T18:28:08","modified_gmt":"2026-03-30T16:28:08","slug":"baggy-czekolada-little-star","status":"publish","type":"product","link":"https:\/\/kokostore.pl\/index.php\/produkt\/baggy-czekolada-little-star\/","title":{"rendered":"baggy czekolada little star"},"content":{"rendered":"<p>Stylowe spodenki dzieci\u0119ce w g\u0142\u0119bokim, czekoladowym odcieniu to idealna propozycja dla ma\u0142ych odkrywc\u00f3w &#x1f90e;<\/p>\n<p>Uszyte z mi\u0119kkiej i przyjaznej dla sk\u00f3ry bawe\u0142ny, zapewniaj\u0105 maksymalny komfort noszenia przez ca\u0142y dzie\u0144. Lu\u017any kr\u00f3j typu baggy daje pe\u0142n\u0105 swobod\u0119 ruch\u00f3w \u2013 doskona\u0142e do zabawy i na codzie\u0144.<\/p>\n<p>Elastyczny pas delikatnie dopasowuje si\u0119 do sylwetki dziecka, nie uciskaj\u0105c brzuszka, a \u015bci\u0105gacze przy nogawkach utrzymuj\u0105 spodnie na miejscu. Charakteru dodaje praktyczna kieszonka oraz stylowa naszywka \u201eLITTLE STAR\u201d, kt\u00f3ra podkre\u015bla nowoczesny design.<\/p>\n","protected":false},"excerpt":{"rendered":"<p>Stylowe spodenki dzieci\u0119ce w g\u0142\u0119bokim, czekoladowym odcieniu to idealna propozycja dla ma\u0142ych odkrywc\u00f3w &#x1f90e; Uszyte z mi\u0119kkiej i przyjaznej dla sk\u00f3ry bawe\u0142ny, zapewniaj\u0105 maksymalny komfort noszenia przez ca\u0142y dzie\u0144. Lu\u017any kr\u00f3j typu baggy daje pe\u0142n\u0105 swobod\u0119 ruch\u00f3w \u2013 doskona\u0142e do zabawy i na codzie\u0144. Elastyczny pas delikatnie dopasowuje si\u0119 do sylwetki dziecka, nie uciskaj\u0105c brzuszka, [&hellip;]<\/p>\n","protected":false},"featured_media":2664,"comment_status":"open","ping_status":"closed","template":"","meta":{"_et_pb_use_builder":"","_et_pb_old_content":"","_et_gb_content_width":""},"product_brand":[],"product_cat":[56,20,35,51,52,19,48],"product_tag":[],"class_list":{"0":"post-2663","1":"product","2":"type-product","3":"status-publish","4":"has-post-thumbnail","6":"product_cat-wszystko","7":"product_cat-6-7-lat","8":"product_cat-4-5-lat","9":"product_cat-kolekcje","10":"product_cat-codzienne","11":"product_cat-chlopiec","12":"product_cat-spodnie-chlopiec","14":"first","15":"instock","16":"shipping-taxable","17":"purchasable","18":"product-type-variable"},"_links":{"self":[{"href":"https:\/\/kokostore.pl\/index.php\/wp-json\/wp\/v2\/product\/2663","targetHints":{"allow":["GET"]}}],"collection":[{"href":"https:\/\/kokostore.pl\/index.php\/wp-json\/wp\/v2\/product"}],"about":[{"href":"https:\/\/kokostore.pl\/index.php\/wp-json\/wp\/v2\/types\/product"}],"replies":[{"embeddable":true,"href":"https:\/\/kokostore.pl\/index.php\/wp-json\/wp\/v2\/comments?post=2663"}],"wp:featuredmedia":[{"embeddable":true,"href":"https:\/\/kokostore.pl\/index.php\/wp-json\/wp\/v2\/media\/2664"}],"wp:attachment":[{"href":"https:\/\/kokostore.pl\/index.php\/wp-json\/wp\/v2\/media?parent=2663"}],"wp:term":[{"taxonomy":"product_brand","embeddable":true,"href":"https:\/\/kokostore.pl\/index.php\/wp-json\/wp\/v2\/product_brand?post=2663"},{"taxonomy":"product_cat","embeddable":true,"href":"https:\/\/kokostore.pl\/index.php\/wp-json\/wp\/v2\/product_cat?post=2663"},{"taxonomy":"product_tag","embeddable":true,"href":"https:\/\/kokostore.pl\/index.php\/wp-json\/wp\/v2\/product_tag?post=2663"}],"curies":[{"name":"wp","href":"https:\/\/api.w.org\/{rel}","templated":true}]}}