{"id":2652,"date":"2026-03-25T22:38:10","date_gmt":"2026-03-25T21:38:10","guid":{"rendered":"https:\/\/kokostore.pl\/?post_type=product&#038;p=2652"},"modified":"2026-03-25T22:42:47","modified_gmt":"2026-03-25T21:42:47","slug":"2652","status":"publish","type":"product","link":"https:\/\/kokostore.pl\/index.php\/produkt\/2652\/","title":{"rendered":"Bluzka paski little star"},"content":{"rendered":"<p>Stylowa bluzka dzieci\u0119ca w ponadczasowe czarno-bia\u0142e paski &#x1f5a4;&#x1f90d;<br \/>\nWykonana z mi\u0119kkiego i przyjemnego w dotyku materia\u0142u, zapewnia komfort noszenia przez ca\u0142y dzie\u0144. Klasyczny kr\u00f3j z d\u0142ugim r\u0119kawem sprawdzi si\u0119 zar\u00f3wno na co dzie\u0144, jak i na specjalne okazje. Subtelna naszywka \u201eLittle Star\u201d dodaje uroku i wyj\u0105tkowego charakteru.<\/p>\n<p>Idealna do tworzenia modnych, dzieci\u0119cych stylizacji! &#x2728;<\/p>\n","protected":false},"excerpt":{"rendered":"<p>Stylowa bluzka dzieci\u0119ca w ponadczasowe czarno-bia\u0142e paski &#x1f5a4;&#x1f90d; Wykonana z mi\u0119kkiego i przyjemnego w dotyku materia\u0142u, zapewnia komfort noszenia przez ca\u0142y dzie\u0144. Klasyczny kr\u00f3j z d\u0142ugim r\u0119kawem sprawdzi si\u0119 zar\u00f3wno na co dzie\u0144, jak i na specjalne okazje. Subtelna naszywka \u201eLittle Star\u201d dodaje uroku i wyj\u0105tkowego charakteru. Idealna do tworzenia modnych, dzieci\u0119cych stylizacji! &#x2728;<\/p>\n","protected":false},"featured_media":2653,"comment_status":"open","ping_status":"closed","template":"","meta":{"_et_pb_use_builder":"","_et_pb_old_content":"","_et_gb_content_width":""},"product_brand":[],"product_cat":[56,20,35,51,52,19,47],"product_tag":[],"class_list":{"0":"post-2652","1":"product","2":"type-product","3":"status-publish","4":"has-post-thumbnail","6":"product_cat-wszystko","7":"product_cat-6-7-lat","8":"product_cat-4-5-lat","9":"product_cat-kolekcje","10":"product_cat-codzienne","11":"product_cat-chlopiec","12":"product_cat-bluzki-i-koszule-chlopiec","14":"first","15":"instock","16":"shipping-taxable","17":"purchasable","18":"product-type-variable"},"_links":{"self":[{"href":"https:\/\/kokostore.pl\/index.php\/wp-json\/wp\/v2\/product\/2652","targetHints":{"allow":["GET"]}}],"collection":[{"href":"https:\/\/kokostore.pl\/index.php\/wp-json\/wp\/v2\/product"}],"about":[{"href":"https:\/\/kokostore.pl\/index.php\/wp-json\/wp\/v2\/types\/product"}],"replies":[{"embeddable":true,"href":"https:\/\/kokostore.pl\/index.php\/wp-json\/wp\/v2\/comments?post=2652"}],"wp:featuredmedia":[{"embeddable":true,"href":"https:\/\/kokostore.pl\/index.php\/wp-json\/wp\/v2\/media\/2653"}],"wp:attachment":[{"href":"https:\/\/kokostore.pl\/index.php\/wp-json\/wp\/v2\/media?parent=2652"}],"wp:term":[{"taxonomy":"product_brand","embeddable":true,"href":"https:\/\/kokostore.pl\/index.php\/wp-json\/wp\/v2\/product_brand?post=2652"},{"taxonomy":"product_cat","embeddable":true,"href":"https:\/\/kokostore.pl\/index.php\/wp-json\/wp\/v2\/product_cat?post=2652"},{"taxonomy":"product_tag","embeddable":true,"href":"https:\/\/kokostore.pl\/index.php\/wp-json\/wp\/v2\/product_tag?post=2652"}],"curies":[{"name":"wp","href":"https:\/\/api.w.org\/{rel}","templated":true}]}}