{"id":2578,"date":"2026-03-17T21:36:23","date_gmt":"2026-03-17T20:36:23","guid":{"rendered":"https:\/\/kokostore.pl\/?post_type=product&#038;p=2578"},"modified":"2026-03-30T18:32:11","modified_gmt":"2026-03-30T16:32:11","slug":"bluza-kolko-krzyzyk","status":"publish","type":"product","link":"https:\/\/kokostore.pl\/index.php\/produkt\/bluza-kolko-krzyzyk\/","title":{"rendered":"Bluza k\u00f3\u0142ko-krzy\u017cyk"},"content":{"rendered":"<p>Urocza, a zarazem wygodna bluza w subtelnym, be\u017cowym odcieniu to idealny wyb\u00f3r dla ma\u0142ych mi\u0142o\u015bniczek mody. Delikatny nadruk w stylu \u201eXOXO\u201d z serduszkami nadaje jej dziewcz\u0119cego, lekkiego charakteru i sprawia, \u017ce wyr\u00f3\u017cnia si\u0119 w ka\u017cdej stylizacji.<\/p>\n","protected":false},"excerpt":{"rendered":"<p>Urocza, a zarazem wygodna bluza w subtelnym, be\u017cowym odcieniu to idealny wyb\u00f3r dla ma\u0142ych mi\u0142o\u015bniczek mody. Delikatny nadruk w stylu \u201eXOXO\u201d z serduszkami nadaje jej dziewcz\u0119cego, lekkiego charakteru i sprawia, \u017ce wyr\u00f3\u017cnia si\u0119 w ka\u017cdej stylizacji.<\/p>\n","protected":false},"featured_media":2579,"comment_status":"open","ping_status":"closed","template":"","meta":{"_et_pb_use_builder":"","_et_pb_old_content":"","_et_gb_content_width":""},"product_brand":[],"product_cat":[56,36,20,35,34,51,52,25,39],"product_tag":[],"class_list":{"0":"post-2578","1":"product","2":"type-product","3":"status-publish","4":"has-post-thumbnail","6":"product_cat-wszystko","7":"product_cat-8-9-lat","8":"product_cat-6-7-lat","9":"product_cat-4-5-lat","10":"product_cat-2-3-lata","11":"product_cat-kolekcje","12":"product_cat-codzienne","13":"product_cat-dziewczynka","14":"product_cat-bluzy","16":"first","17":"instock","18":"shipping-taxable","19":"purchasable","20":"product-type-variable"},"_links":{"self":[{"href":"https:\/\/kokostore.pl\/index.php\/wp-json\/wp\/v2\/product\/2578","targetHints":{"allow":["GET"]}}],"collection":[{"href":"https:\/\/kokostore.pl\/index.php\/wp-json\/wp\/v2\/product"}],"about":[{"href":"https:\/\/kokostore.pl\/index.php\/wp-json\/wp\/v2\/types\/product"}],"replies":[{"embeddable":true,"href":"https:\/\/kokostore.pl\/index.php\/wp-json\/wp\/v2\/comments?post=2578"}],"wp:featuredmedia":[{"embeddable":true,"href":"https:\/\/kokostore.pl\/index.php\/wp-json\/wp\/v2\/media\/2579"}],"wp:attachment":[{"href":"https:\/\/kokostore.pl\/index.php\/wp-json\/wp\/v2\/media?parent=2578"}],"wp:term":[{"taxonomy":"product_brand","embeddable":true,"href":"https:\/\/kokostore.pl\/index.php\/wp-json\/wp\/v2\/product_brand?post=2578"},{"taxonomy":"product_cat","embeddable":true,"href":"https:\/\/kokostore.pl\/index.php\/wp-json\/wp\/v2\/product_cat?post=2578"},{"taxonomy":"product_tag","embeddable":true,"href":"https:\/\/kokostore.pl\/index.php\/wp-json\/wp\/v2\/product_tag?post=2578"}],"curies":[{"name":"wp","href":"https:\/\/api.w.org\/{rel}","templated":true}]}}