{"id":2569,"date":"2026-03-17T21:28:37","date_gmt":"2026-03-17T20:28:37","guid":{"rendered":"https:\/\/kokostore.pl\/?post_type=product&#038;p=2569"},"modified":"2026-03-31T17:54:36","modified_gmt":"2026-03-31T15:54:36","slug":"garnitur-latte-kratka","status":"publish","type":"product","link":"https:\/\/kokostore.pl\/index.php\/produkt\/garnitur-latte-kratka\/","title":{"rendered":"Garnitur latte Kratka"},"content":{"rendered":"<p>Stylowy garnitur w modn\u0105 krat\u0119 to idealna propozycja dla ch\u0142opc\u00f3w, kt\u00f3rzy chc\u0105 wygl\u0105da\u0107 elegancko, a jednocze\u015bnie czu\u0107 si\u0119 swobodnie. Klasyczny fason w nowoczesnym wydaniu sprawdzi si\u0119 na ka\u017cd\u0105 wyj\u0105tkow\u0105 okazj\u0119.&#x2728; Dlaczego warto go wybra\u0107?<br \/>\n\u2013 mi\u0119kki, komfortowy materia\u0142 \u2013 wygoda przez ca\u0142y dzie\u0144<br \/>\n\u2013 modny wz\u00f3r w krat\u0119 \u2013 ponadczasowa elegancja<br \/>\n\u2013 marynarka zapinana na guziki \u2013 klasyczny, stylowy look<br \/>\n\u2013 dopasowane spodnie \u2013 schludny i nowoczesny wygl\u0105d<br \/>\n\u2013 uniwersalny kolor \u2013 \u0142atwy do \u0142\u0105czenia z innymi elementami garderoby<\/p>\n<p>&#x1f454; Idealny na okazje takie jak wesela, uroczysto\u015bci rodzinne, \u015bwi\u0119ta czy sesje zdj\u0119ciowe.<\/p>\n<p>Ten garnitur to po\u0142\u0105czenie elegancji i wygody \u2013 Tw\u00f3j ma\u0142y d\u017centelmen b\u0119dzie wygl\u0105da\u0142 wyj\u0105tkowo i czu\u0142 si\u0119 \u015bwietnie &#x1f90d;<\/p>\n","protected":false},"excerpt":{"rendered":"<p>Stylowy garnitur w modn\u0105 krat\u0119 to idealna propozycja dla ch\u0142opc\u00f3w, kt\u00f3rzy chc\u0105 wygl\u0105da\u0107 elegancko, a jednocze\u015bnie czu\u0107 si\u0119 swobodnie. Klasyczny fason w nowoczesnym wydaniu sprawdzi si\u0119 na ka\u017cd\u0105 wyj\u0105tkow\u0105 okazj\u0119.&#x2728; Dlaczego warto go wybra\u0107? \u2013 mi\u0119kki, komfortowy materia\u0142 \u2013 wygoda przez ca\u0142y dzie\u0144 \u2013 modny wz\u00f3r w krat\u0119 \u2013 ponadczasowa elegancja \u2013 marynarka zapinana na [&hellip;]<\/p>\n","protected":false},"featured_media":2571,"comment_status":"open","ping_status":"closed","template":"","meta":{"_et_pb_use_builder":"","_et_pb_old_content":"","_et_gb_content_width":""},"product_brand":[],"product_cat":[56,37,36,20,35,34,51,53,19,59],"product_tag":[],"class_list":{"0":"post-2569","1":"product","2":"type-product","3":"status-publish","4":"has-post-thumbnail","6":"product_cat-wszystko","7":"product_cat-10-12-lat","8":"product_cat-8-9-lat","9":"product_cat-6-7-lat","10":"product_cat-4-5-lat","11":"product_cat-2-3-lata","12":"product_cat-kolekcje","13":"product_cat-okazjonalne","14":"product_cat-chlopiec","15":"product_cat-garnitury","17":"first","18":"instock","19":"shipping-taxable","20":"purchasable","21":"product-type-variable"},"_links":{"self":[{"href":"https:\/\/kokostore.pl\/index.php\/wp-json\/wp\/v2\/product\/2569","targetHints":{"allow":["GET"]}}],"collection":[{"href":"https:\/\/kokostore.pl\/index.php\/wp-json\/wp\/v2\/product"}],"about":[{"href":"https:\/\/kokostore.pl\/index.php\/wp-json\/wp\/v2\/types\/product"}],"replies":[{"embeddable":true,"href":"https:\/\/kokostore.pl\/index.php\/wp-json\/wp\/v2\/comments?post=2569"}],"wp:featuredmedia":[{"embeddable":true,"href":"https:\/\/kokostore.pl\/index.php\/wp-json\/wp\/v2\/media\/2571"}],"wp:attachment":[{"href":"https:\/\/kokostore.pl\/index.php\/wp-json\/wp\/v2\/media?parent=2569"}],"wp:term":[{"taxonomy":"product_brand","embeddable":true,"href":"https:\/\/kokostore.pl\/index.php\/wp-json\/wp\/v2\/product_brand?post=2569"},{"taxonomy":"product_cat","embeddable":true,"href":"https:\/\/kokostore.pl\/index.php\/wp-json\/wp\/v2\/product_cat?post=2569"},{"taxonomy":"product_tag","embeddable":true,"href":"https:\/\/kokostore.pl\/index.php\/wp-json\/wp\/v2\/product_tag?post=2569"}],"curies":[{"name":"wp","href":"https:\/\/api.w.org\/{rel}","templated":true}]}}