{"id":2556,"date":"2026-03-16T23:33:39","date_gmt":"2026-03-16T22:33:39","guid":{"rendered":"https:\/\/kokostore.pl\/?post_type=product&#038;p=2556"},"modified":"2026-03-30T18:37:43","modified_gmt":"2026-03-30T16:37:43","slug":"koszula-flanelka-2","status":"publish","type":"product","link":"https:\/\/kokostore.pl\/index.php\/produkt\/koszula-flanelka-2\/","title":{"rendered":"Koszula flanelka"},"content":{"rendered":"<div>Modna flanelowa koszula dzieci\u0119ca to idealne po\u0142\u0105czenie komfortu, jako\u015bci i ponadczasowego stylu. Wykonana z mi\u0119kkiej, przyjemnej w dotyku flaneli, zapewnia ciep\u0142o i swobod\u0119 ruch\u00f3w przez ca\u0142y dzie\u0144 \u2014 zar\u00f3wno podczas zabawy, jak i rodzinnych wyj\u015b\u0107.<\/div>\n<div><\/div>\n<div>&#x2705; Najwa\u017cniejsze cechy:<\/div>\n<div>\u2022mi\u0119kka i oddychaj\u0105ca flanela wysokiej jako\u015bci<\/div>\n<div>\u2022klasyczny kraciasty wz\u00f3r \u2013 zawsze na czasie<\/div>\n<div>\u2022wygodny kr\u00f3j niekr\u0119puj\u0105cy ruch\u00f3w<\/div>\n<div>\u2022zapinana na guziki \u2014 \u0142atwa do zak\u0142adania<\/div>\n<div>\u2022idealna na ka\u017cd\u0105 por\u0119 roku: solo lub jako narzutka na T-shirt<\/div>\n<div><\/div>\n<div>Koszula \u015bwietnie komponuje si\u0119 z jeansami, joggerami czy sneakersami, tworz\u0105c modny, casualowy look dla ma\u0142ego trendsettera.<\/div>\n<div><\/div>\n<div>&#x1f49a; Idealna do przedszkola, na spacer, sesj\u0119 zdj\u0119ciow\u0105 i codzienne przygody.<\/div>\n<div><\/div>\n<div>Postaw na wygod\u0119 i styl, kt\u00f3ry nigdy nie wychodzi z mody!<\/div>\n","protected":false},"excerpt":{"rendered":"<p>Modna flanelowa koszula dzieci\u0119ca to idealne po\u0142\u0105czenie komfortu, jako\u015bci i ponadczasowego stylu. Wykonana z mi\u0119kkiej, przyjemnej w dotyku flaneli, zapewnia ciep\u0142o i swobod\u0119 ruch\u00f3w przez ca\u0142y dzie\u0144 \u2014 zar\u00f3wno podczas zabawy, jak i rodzinnych wyj\u015b\u0107. &#x2705; Najwa\u017cniejsze cechy: \u2022mi\u0119kka i oddychaj\u0105ca flanela wysokiej jako\u015bci \u2022klasyczny kraciasty wz\u00f3r \u2013 zawsze na czasie \u2022wygodny kr\u00f3j niekr\u0119puj\u0105cy ruch\u00f3w [&hellip;]<\/p>\n","protected":false},"featured_media":2550,"comment_status":"open","ping_status":"closed","template":"","meta":{"_et_pb_use_builder":"","_et_pb_old_content":"","_et_gb_content_width":""},"product_brand":[],"product_cat":[56,37,36,20,35,34,51,52,19,47],"product_tag":[],"class_list":{"0":"post-2556","1":"product","2":"type-product","3":"status-publish","4":"has-post-thumbnail","6":"product_cat-wszystko","7":"product_cat-10-12-lat","8":"product_cat-8-9-lat","9":"product_cat-6-7-lat","10":"product_cat-4-5-lat","11":"product_cat-2-3-lata","12":"product_cat-kolekcje","13":"product_cat-codzienne","14":"product_cat-chlopiec","15":"product_cat-bluzki-i-koszule-chlopiec","17":"first","18":"instock","19":"shipping-taxable","20":"purchasable","21":"product-type-variable"},"_links":{"self":[{"href":"https:\/\/kokostore.pl\/index.php\/wp-json\/wp\/v2\/product\/2556","targetHints":{"allow":["GET"]}}],"collection":[{"href":"https:\/\/kokostore.pl\/index.php\/wp-json\/wp\/v2\/product"}],"about":[{"href":"https:\/\/kokostore.pl\/index.php\/wp-json\/wp\/v2\/types\/product"}],"replies":[{"embeddable":true,"href":"https:\/\/kokostore.pl\/index.php\/wp-json\/wp\/v2\/comments?post=2556"}],"wp:featuredmedia":[{"embeddable":true,"href":"https:\/\/kokostore.pl\/index.php\/wp-json\/wp\/v2\/media\/2550"}],"wp:attachment":[{"href":"https:\/\/kokostore.pl\/index.php\/wp-json\/wp\/v2\/media?parent=2556"}],"wp:term":[{"taxonomy":"product_brand","embeddable":true,"href":"https:\/\/kokostore.pl\/index.php\/wp-json\/wp\/v2\/product_brand?post=2556"},{"taxonomy":"product_cat","embeddable":true,"href":"https:\/\/kokostore.pl\/index.php\/wp-json\/wp\/v2\/product_cat?post=2556"},{"taxonomy":"product_tag","embeddable":true,"href":"https:\/\/kokostore.pl\/index.php\/wp-json\/wp\/v2\/product_tag?post=2556"}],"curies":[{"name":"wp","href":"https:\/\/api.w.org\/{rel}","templated":true}]}}