{"id":2512,"date":"2026-03-16T23:02:50","date_gmt":"2026-03-16T22:02:50","guid":{"rendered":"https:\/\/kokostore.pl\/?post_type=product&#038;p=2512"},"modified":"2026-03-30T18:50:41","modified_gmt":"2026-03-30T16:50:41","slug":"bluzka-z-nadrukiem-igomill","status":"publish","type":"product","link":"https:\/\/kokostore.pl\/index.php\/produkt\/bluzka-z-nadrukiem-igomill\/","title":{"rendered":"Bluzka z nadrukiem IGOMILL"},"content":{"rendered":"<p data-start=\"0\" data-end=\"74\">Urocza bluzeczka dzieci\u0119ca, kt\u00f3ra zachwyca swoim wyj\u0105tkowym nadrukiem &#x1f495;<\/p>\n<p data-start=\"76\" data-end=\"275\">Bordowy kolor w po\u0142\u0105czeniu z pi\u0119kn\u0105 grafik\u0105 dziewczynki spaceruj\u0105cej z pieskiem tworzy niezwykle stylow\u0105 i dziewcz\u0119c\u0105 propozycj\u0119. To idealny wyb\u00f3r dla ma\u0142ych mi\u0142o\u015bniczek modnych i oryginalnych ubra\u0144.<\/p>\n<p data-start=\"277\" data-end=\"589\"><strong data-start=\"277\" data-end=\"296\">Dlaczego warto?<\/strong><br data-start=\"296\" data-end=\"299\" \/>&#x2714;&#xfe0f; Mi\u0119kki, przyjemny materia\u0142 \u2013 komfort noszenia przez ca\u0142y dzie\u0144<br data-start=\"364\" data-end=\"367\" \/>&#x2714;&#xfe0f; \u015aliczny, dopracowany nadruk \u2013 przyci\u0105ga uwag\u0119<br data-start=\"415\" data-end=\"418\" \/>&#x2714;&#xfe0f; Wygodny fason \u2013 idealny do zabawy i codziennych aktywno\u015bci<br data-start=\"479\" data-end=\"482\" \/>&#x2714;&#xfe0f; Uniwersalny kr\u00f3j \u2013 pasuje do leggins\u00f3w, jeans\u00f3w i sp\u00f3dniczek<br data-start=\"545\" data-end=\"548\" \/>&#x2714;&#xfe0f; Modny kolor \u2013 ponadczasowa elegancja<\/p>\n<p data-start=\"591\" data-end=\"710\" data-is-last-node=\"\" data-is-only-node=\"\">\u015awietna na co dzie\u0144, do przedszkola, szko\u0142y czy na spacer. Po\u0142\u0105czenie wygody i uroku, kt\u00f3re pokocha ka\u017cda dziewczynka &#x2728;<\/p>\n","protected":false},"excerpt":{"rendered":"<p>Urocza bluzeczka dzieci\u0119ca, kt\u00f3ra zachwyca swoim wyj\u0105tkowym nadrukiem &#x1f495; Bordowy kolor w po\u0142\u0105czeniu z pi\u0119kn\u0105 grafik\u0105 dziewczynki spaceruj\u0105cej z pieskiem tworzy niezwykle stylow\u0105 i dziewcz\u0119c\u0105 propozycj\u0119. To idealny wyb\u00f3r dla ma\u0142ych mi\u0142o\u015bniczek modnych i oryginalnych ubra\u0144. Dlaczego warto?&#x2714;&#xfe0f; Mi\u0119kki, przyjemny materia\u0142 \u2013 komfort noszenia przez ca\u0142y dzie\u0144&#x2714;&#xfe0f; \u015aliczny, dopracowany nadruk \u2013 przyci\u0105ga uwag\u0119&#x2714;&#xfe0f; Wygodny fason [&hellip;]<\/p>\n","protected":false},"featured_media":2513,"comment_status":"open","ping_status":"closed","template":"","meta":{"_et_pb_use_builder":"","_et_pb_old_content":"","_et_gb_content_width":""},"product_brand":[],"product_cat":[56,37,36,20,35,51,52,25,38],"product_tag":[],"class_list":{"0":"post-2512","1":"product","2":"type-product","3":"status-publish","4":"has-post-thumbnail","6":"product_cat-wszystko","7":"product_cat-10-12-lat","8":"product_cat-8-9-lat","9":"product_cat-6-7-lat","10":"product_cat-4-5-lat","11":"product_cat-kolekcje","12":"product_cat-codzienne","13":"product_cat-dziewczynka","14":"product_cat-bluzki-i-koszule","16":"first","17":"instock","18":"shipping-taxable","19":"purchasable","20":"product-type-variable"},"_links":{"self":[{"href":"https:\/\/kokostore.pl\/index.php\/wp-json\/wp\/v2\/product\/2512","targetHints":{"allow":["GET"]}}],"collection":[{"href":"https:\/\/kokostore.pl\/index.php\/wp-json\/wp\/v2\/product"}],"about":[{"href":"https:\/\/kokostore.pl\/index.php\/wp-json\/wp\/v2\/types\/product"}],"replies":[{"embeddable":true,"href":"https:\/\/kokostore.pl\/index.php\/wp-json\/wp\/v2\/comments?post=2512"}],"wp:featuredmedia":[{"embeddable":true,"href":"https:\/\/kokostore.pl\/index.php\/wp-json\/wp\/v2\/media\/2513"}],"wp:attachment":[{"href":"https:\/\/kokostore.pl\/index.php\/wp-json\/wp\/v2\/media?parent=2512"}],"wp:term":[{"taxonomy":"product_brand","embeddable":true,"href":"https:\/\/kokostore.pl\/index.php\/wp-json\/wp\/v2\/product_brand?post=2512"},{"taxonomy":"product_cat","embeddable":true,"href":"https:\/\/kokostore.pl\/index.php\/wp-json\/wp\/v2\/product_cat?post=2512"},{"taxonomy":"product_tag","embeddable":true,"href":"https:\/\/kokostore.pl\/index.php\/wp-json\/wp\/v2\/product_tag?post=2512"}],"curies":[{"name":"wp","href":"https:\/\/api.w.org\/{rel}","templated":true}]}}