{"id":2502,"date":"2026-03-16T22:58:41","date_gmt":"2026-03-16T21:58:41","guid":{"rendered":"https:\/\/kokostore.pl\/?post_type=product&#038;p=2502"},"modified":"2026-04-05T22:51:41","modified_gmt":"2026-04-05T20:51:41","slug":"kombinezon-z-koronka-i-falbankami","status":"publish","type":"product","link":"https:\/\/kokostore.pl\/index.php\/produkt\/kombinezon-z-koronka-i-falbankami\/","title":{"rendered":"Kombinezon z koronk\u0105 i falbankami"},"content":{"rendered":"<p>Wyj\u0105tkowo stylowy i elegancki kombinezon dla dziewczynki w klasycznym, bia\u0142ym kolorze. To doskona\u0142a alternatywa dla sukienki \u2013 nowoczesny fason, kt\u00f3ry pi\u0119knie prezentuje si\u0119 podczas wa\u017cnych uroczysto\u015bci. <span class=\"html-span xexx8yu xyri2b x18d9i69 x1c1uobl x1hl2dhg x16tdsg8 x1vvkbs x3nfvp2 x1j61x8r x1fcty0u xdj266r xat24cr xm2jcoa x1mpyi22 xxymvpz xlup9mm x1kky2od\"><img loading=\"lazy\" decoding=\"async\" class=\"xz74otr x15mokao x1ga7v0g x16uus16 xbiv7yw\" src=\"https:\/\/static.xx.fbcdn.net\/images\/emoji.php\/v9\/t75\/2\/16\/2728.png\" alt=\"&#x2728;\" width=\"16\" height=\"16\" \/><\/span> \u00a0Idealny na komuni\u0119, wesele, przyj\u0119cia rodzinne, sesje zdj\u0119ciowe czy inne wyj\u0105tkowe okazje. Kombinezon \u0142\u0105czy w sobie elegancj\u0119 i wygod\u0119, dzi\u0119ki czemu ka\u017cda dziewczynka b\u0119dzie wygl\u0105da\u0107 w nim stylowo i czu\u0107 si\u0119 swobodnie przez ca\u0142y dzie\u0144.<\/p>\n","protected":false},"excerpt":{"rendered":"<p>Wyj\u0105tkowo stylowy i elegancki kombinezon dla dziewczynki w klasycznym, bia\u0142ym kolorze. To doskona\u0142a alternatywa dla sukienki \u2013 nowoczesny fason, kt\u00f3ry pi\u0119knie prezentuje si\u0119 podczas wa\u017cnych uroczysto\u015bci. \u00a0Idealny na komuni\u0119, wesele, przyj\u0119cia rodzinne, sesje zdj\u0119ciowe czy inne wyj\u0105tkowe okazje. Kombinezon \u0142\u0105czy w sobie elegancj\u0119 i wygod\u0119, dzi\u0119ki czemu ka\u017cda dziewczynka b\u0119dzie wygl\u0105da\u0107 w nim stylowo i [&hellip;]<\/p>\n","protected":false},"featured_media":2503,"comment_status":"open","ping_status":"closed","template":"","meta":{"_et_pb_use_builder":"","_et_pb_old_content":"","_et_gb_content_width":""},"product_brand":[],"product_cat":[56,37,36,20,51,53,25,38,40],"product_tag":[],"class_list":{"0":"post-2502","1":"product","2":"type-product","3":"status-publish","4":"has-post-thumbnail","6":"product_cat-wszystko","7":"product_cat-10-12-lat","8":"product_cat-8-9-lat","9":"product_cat-6-7-lat","10":"product_cat-kolekcje","11":"product_cat-okazjonalne","12":"product_cat-dziewczynka","13":"product_cat-bluzki-i-koszule","14":"product_cat-spodnie","16":"first","17":"instock","18":"shipping-taxable","19":"purchasable","20":"product-type-variable"},"_links":{"self":[{"href":"https:\/\/kokostore.pl\/index.php\/wp-json\/wp\/v2\/product\/2502","targetHints":{"allow":["GET"]}}],"collection":[{"href":"https:\/\/kokostore.pl\/index.php\/wp-json\/wp\/v2\/product"}],"about":[{"href":"https:\/\/kokostore.pl\/index.php\/wp-json\/wp\/v2\/types\/product"}],"replies":[{"embeddable":true,"href":"https:\/\/kokostore.pl\/index.php\/wp-json\/wp\/v2\/comments?post=2502"}],"wp:featuredmedia":[{"embeddable":true,"href":"https:\/\/kokostore.pl\/index.php\/wp-json\/wp\/v2\/media\/2503"}],"wp:attachment":[{"href":"https:\/\/kokostore.pl\/index.php\/wp-json\/wp\/v2\/media?parent=2502"}],"wp:term":[{"taxonomy":"product_brand","embeddable":true,"href":"https:\/\/kokostore.pl\/index.php\/wp-json\/wp\/v2\/product_brand?post=2502"},{"taxonomy":"product_cat","embeddable":true,"href":"https:\/\/kokostore.pl\/index.php\/wp-json\/wp\/v2\/product_cat?post=2502"},{"taxonomy":"product_tag","embeddable":true,"href":"https:\/\/kokostore.pl\/index.php\/wp-json\/wp\/v2\/product_tag?post=2502"}],"curies":[{"name":"wp","href":"https:\/\/api.w.org\/{rel}","templated":true}]}}