{"id":2493,"date":"2026-03-16T22:51:58","date_gmt":"2026-03-16T21:51:58","guid":{"rendered":"https:\/\/kokostore.pl\/?post_type=product&#038;p=2493"},"modified":"2026-03-16T22:51:58","modified_gmt":"2026-03-16T21:51:58","slug":"sukienka-z-drapowanym-dolem-i-rekawkami","status":"publish","type":"product","link":"https:\/\/kokostore.pl\/index.php\/produkt\/sukienka-z-drapowanym-dolem-i-rekawkami\/","title":{"rendered":"Sukienka z drapowanym do\u0142em i r\u0119kawkami"},"content":{"rendered":"<p>Pi\u0119kna i niezwykle dziewcz\u0119ca sukienka, idealna na wyj\u0105tkowe okazje. Klasyczny kr\u00f3j w po\u0142\u0105czeniu z efektown\u0105 falban\u0105 na dole sprawia, \u017ce sukienka prezentuje si\u0119 bardzo elegancko i lekko. <span class=\"html-span xexx8yu xyri2b x18d9i69 x1c1uobl x1hl2dhg x16tdsg8 x1vvkbs x3nfvp2 x1j61x8r x1fcty0u xdj266r xat24cr xm2jcoa x1mpyi22 xxymvpz xlup9mm x1kky2od\"><img loading=\"lazy\" decoding=\"async\" class=\"xz74otr x15mokao x1ga7v0g x16uus16 xbiv7yw\" src=\"https:\/\/static.xx.fbcdn.net\/images\/emoji.php\/v9\/t75\/2\/16\/2728.png\" alt=\"&#x2728;\" width=\"16\" height=\"16\" \/><\/span> Idealna na chrzest, komuni\u0119, wesele, sesj\u0119 zdj\u0119ciow\u0105, uroczysto\u015bci rodzinne czy szkolne wyst\u0119py. Sukienka pi\u0119knie uk\u0142ada si\u0119 w ruchu i nadaje stylizacji subtelnej elegancji. Ka\u017cda ma\u0142a dama b\u0119dzie wygl\u0105da\u0107 w niej wyj\u0105tkowo.<\/p>\n","protected":false},"excerpt":{"rendered":"<p>Pi\u0119kna i niezwykle dziewcz\u0119ca sukienka, idealna na wyj\u0105tkowe okazje. Klasyczny kr\u00f3j w po\u0142\u0105czeniu z efektown\u0105 falban\u0105 na dole sprawia, \u017ce sukienka prezentuje si\u0119 bardzo elegancko i lekko. Idealna na chrzest, komuni\u0119, wesele, sesj\u0119 zdj\u0119ciow\u0105, uroczysto\u015bci rodzinne czy szkolne wyst\u0119py. Sukienka pi\u0119knie uk\u0142ada si\u0119 w ruchu i nadaje stylizacji subtelnej elegancji. Ka\u017cda ma\u0142a dama b\u0119dzie wygl\u0105da\u0107 [&hellip;]<\/p>\n","protected":false},"featured_media":2494,"comment_status":"open","ping_status":"closed","template":"","meta":{"_et_pb_use_builder":"","_et_pb_old_content":"","_et_gb_content_width":""},"product_brand":[],"product_cat":[56,37,36,20,51,53,25,43],"product_tag":[],"class_list":{"0":"post-2493","1":"product","2":"type-product","3":"status-publish","4":"has-post-thumbnail","6":"product_cat-wszystko","7":"product_cat-10-12-lat","8":"product_cat-8-9-lat","9":"product_cat-6-7-lat","10":"product_cat-kolekcje","11":"product_cat-okazjonalne","12":"product_cat-dziewczynka","13":"product_cat-sukienki","15":"first","16":"instock","17":"shipping-taxable","18":"purchasable","19":"product-type-variable"},"_links":{"self":[{"href":"https:\/\/kokostore.pl\/index.php\/wp-json\/wp\/v2\/product\/2493","targetHints":{"allow":["GET"]}}],"collection":[{"href":"https:\/\/kokostore.pl\/index.php\/wp-json\/wp\/v2\/product"}],"about":[{"href":"https:\/\/kokostore.pl\/index.php\/wp-json\/wp\/v2\/types\/product"}],"replies":[{"embeddable":true,"href":"https:\/\/kokostore.pl\/index.php\/wp-json\/wp\/v2\/comments?post=2493"}],"wp:featuredmedia":[{"embeddable":true,"href":"https:\/\/kokostore.pl\/index.php\/wp-json\/wp\/v2\/media\/2494"}],"wp:attachment":[{"href":"https:\/\/kokostore.pl\/index.php\/wp-json\/wp\/v2\/media?parent=2493"}],"wp:term":[{"taxonomy":"product_brand","embeddable":true,"href":"https:\/\/kokostore.pl\/index.php\/wp-json\/wp\/v2\/product_brand?post=2493"},{"taxonomy":"product_cat","embeddable":true,"href":"https:\/\/kokostore.pl\/index.php\/wp-json\/wp\/v2\/product_cat?post=2493"},{"taxonomy":"product_tag","embeddable":true,"href":"https:\/\/kokostore.pl\/index.php\/wp-json\/wp\/v2\/product_tag?post=2493"}],"curies":[{"name":"wp","href":"https:\/\/api.w.org\/{rel}","templated":true}]}}