{"id":2490,"date":"2026-03-16T22:42:10","date_gmt":"2026-03-16T21:42:10","guid":{"rendered":"https:\/\/kokostore.pl\/?post_type=product&#038;p=2490"},"modified":"2026-04-08T20:41:16","modified_gmt":"2026-04-08T18:41:16","slug":"kurtka-softshell-z-uszkami","status":"publish","type":"product","link":"https:\/\/kokostore.pl\/index.php\/produkt\/kurtka-softshell-z-uszkami\/","title":{"rendered":"Kurtka softshell z uszkami"},"content":{"rendered":"<p>Stylowa i praktyczna kurtka dzieci\u0119ca w klasycznym czarnym kolorze. Idealna na ch\u0142odniejsze dni \u2013 lekka, wygodna i bardzo modna. Kapturek z uroczymi uszkami dodaje jej wyj\u0105tkowego charakteru, dzi\u0119ki czemu maluch wygl\u0105da w niej naprawd\u0119 s\u0142odko!<\/p>\n","protected":false},"excerpt":{"rendered":"<p>Stylowa i praktyczna kurtka dzieci\u0119ca w klasycznym czarnym kolorze. Idealna na ch\u0142odniejsze dni \u2013 lekka, wygodna i bardzo modna. Kapturek z uroczymi uszkami dodaje jej wyj\u0105tkowego charakteru, dzi\u0119ki czemu maluch wygl\u0105da w niej naprawd\u0119 s\u0142odko!<\/p>\n","protected":false},"featured_media":2491,"comment_status":"open","ping_status":"closed","template":"","meta":{"_et_pb_use_builder":"","_et_pb_old_content":"","_et_gb_content_width":""},"product_brand":[],"product_cat":[56,20,35,51,52,19,49,25,44,27],"product_tag":[],"class_list":{"0":"post-2490","1":"product","2":"type-product","3":"status-publish","4":"has-post-thumbnail","6":"product_cat-wszystko","7":"product_cat-6-7-lat","8":"product_cat-4-5-lat","9":"product_cat-kolekcje","10":"product_cat-codzienne","11":"product_cat-chlopiec","12":"product_cat-kurtki-i-plaszcze-chlopiec","13":"product_cat-dziewczynka","14":"product_cat-kurtki-i-plaszcze","15":"product_cat-wyprzedaz","17":"first","18":"instock","19":"sale","20":"shipping-taxable","21":"purchasable","22":"product-type-variable"},"_links":{"self":[{"href":"https:\/\/kokostore.pl\/index.php\/wp-json\/wp\/v2\/product\/2490","targetHints":{"allow":["GET"]}}],"collection":[{"href":"https:\/\/kokostore.pl\/index.php\/wp-json\/wp\/v2\/product"}],"about":[{"href":"https:\/\/kokostore.pl\/index.php\/wp-json\/wp\/v2\/types\/product"}],"replies":[{"embeddable":true,"href":"https:\/\/kokostore.pl\/index.php\/wp-json\/wp\/v2\/comments?post=2490"}],"wp:featuredmedia":[{"embeddable":true,"href":"https:\/\/kokostore.pl\/index.php\/wp-json\/wp\/v2\/media\/2491"}],"wp:attachment":[{"href":"https:\/\/kokostore.pl\/index.php\/wp-json\/wp\/v2\/media?parent=2490"}],"wp:term":[{"taxonomy":"product_brand","embeddable":true,"href":"https:\/\/kokostore.pl\/index.php\/wp-json\/wp\/v2\/product_brand?post=2490"},{"taxonomy":"product_cat","embeddable":true,"href":"https:\/\/kokostore.pl\/index.php\/wp-json\/wp\/v2\/product_cat?post=2490"},{"taxonomy":"product_tag","embeddable":true,"href":"https:\/\/kokostore.pl\/index.php\/wp-json\/wp\/v2\/product_tag?post=2490"}],"curies":[{"name":"wp","href":"https:\/\/api.w.org\/{rel}","templated":true}]}}