{"id":2482,"date":"2026-03-16T22:27:17","date_gmt":"2026-03-16T21:27:17","guid":{"rendered":"https:\/\/kokostore.pl\/?post_type=product&#038;p=2482"},"modified":"2026-03-16T22:34:30","modified_gmt":"2026-03-16T21:34:30","slug":"2482","status":"publish","type":"product","link":"https:\/\/kokostore.pl\/index.php\/produkt\/2482\/","title":{"rendered":"Kurtka softshell z uszkami"},"content":{"rendered":"<p data-start=\"47\" data-end=\"89\"><strong data-start=\"47\" data-end=\"89\">Urocza wiosenna kurteczka z uszkami &#x1f430;<\/strong><\/p>\n<p data-start=\"91\" data-end=\"364\">Stylowa i niezwykle urocza kurteczka wiosenna dla najm\u0142odszych. Wykonana z lekkiego, przyjemnego w dotyku materia\u0142u, idealnie sprawdzi si\u0119 w ch\u0142odniejsze wiosenne dni. Model wyr\u00f3\u017cnia si\u0119 kapturem z uroczymi uszkami, kt\u00f3re nadaj\u0105 ca\u0142o\u015bci wyj\u0105tkowego, dzieci\u0119cego charakteru.<\/p>\n<p data-start=\"366\" data-end=\"639\">Kurteczka posiada wygodne zapi\u0119cie na zamek b\u0142yskawiczny, imitacj\u0119 kieszonki z przodu oraz elastyczne \u015bci\u0105gacze przy r\u0119kawach, dzi\u0119ki czemu dobrze dopasowuje si\u0119 do dziecka i chroni przed wiatrem. Wn\u0119trze wyko\u0144czone jest mi\u0119kkim materia\u0142em zapewniaj\u0105cym komfort noszenia.<\/p>\n<p data-start=\"641\" data-end=\"793\">Delikatny, pudrowo-r\u00f3\u017cowy kolor sprawia, \u017ce kurteczka pi\u0119knie prezentuje si\u0119 w ka\u017cdej stylizacji \u2013 zar\u00f3wno na spacerze, jak i podczas codziennych wyj\u015b\u0107.<\/p>\n","protected":false},"excerpt":{"rendered":"<p>Urocza wiosenna kurteczka z uszkami &#x1f430; Stylowa i niezwykle urocza kurteczka wiosenna dla najm\u0142odszych. Wykonana z lekkiego, przyjemnego w dotyku materia\u0142u, idealnie sprawdzi si\u0119 w ch\u0142odniejsze wiosenne dni. Model wyr\u00f3\u017cnia si\u0119 kapturem z uroczymi uszkami, kt\u00f3re nadaj\u0105 ca\u0142o\u015bci wyj\u0105tkowego, dzieci\u0119cego charakteru. Kurteczka posiada wygodne zapi\u0119cie na zamek b\u0142yskawiczny, imitacj\u0119 kieszonki z przodu oraz elastyczne \u015bci\u0105gacze [&hellip;]<\/p>\n","protected":false},"featured_media":2484,"comment_status":"open","ping_status":"closed","template":"","meta":{"_et_pb_use_builder":"","_et_pb_old_content":"","_et_gb_content_width":""},"product_brand":[],"product_cat":[56,20,35,34,51,52,25,44],"product_tag":[],"class_list":{"0":"post-2482","1":"product","2":"type-product","3":"status-publish","4":"has-post-thumbnail","6":"product_cat-wszystko","7":"product_cat-6-7-lat","8":"product_cat-4-5-lat","9":"product_cat-2-3-lata","10":"product_cat-kolekcje","11":"product_cat-codzienne","12":"product_cat-dziewczynka","13":"product_cat-kurtki-i-plaszcze","15":"first","16":"instock","17":"shipping-taxable","18":"purchasable","19":"product-type-variable"},"_links":{"self":[{"href":"https:\/\/kokostore.pl\/index.php\/wp-json\/wp\/v2\/product\/2482","targetHints":{"allow":["GET"]}}],"collection":[{"href":"https:\/\/kokostore.pl\/index.php\/wp-json\/wp\/v2\/product"}],"about":[{"href":"https:\/\/kokostore.pl\/index.php\/wp-json\/wp\/v2\/types\/product"}],"replies":[{"embeddable":true,"href":"https:\/\/kokostore.pl\/index.php\/wp-json\/wp\/v2\/comments?post=2482"}],"wp:featuredmedia":[{"embeddable":true,"href":"https:\/\/kokostore.pl\/index.php\/wp-json\/wp\/v2\/media\/2484"}],"wp:attachment":[{"href":"https:\/\/kokostore.pl\/index.php\/wp-json\/wp\/v2\/media?parent=2482"}],"wp:term":[{"taxonomy":"product_brand","embeddable":true,"href":"https:\/\/kokostore.pl\/index.php\/wp-json\/wp\/v2\/product_brand?post=2482"},{"taxonomy":"product_cat","embeddable":true,"href":"https:\/\/kokostore.pl\/index.php\/wp-json\/wp\/v2\/product_cat?post=2482"},{"taxonomy":"product_tag","embeddable":true,"href":"https:\/\/kokostore.pl\/index.php\/wp-json\/wp\/v2\/product_tag?post=2482"}],"curies":[{"name":"wp","href":"https:\/\/api.w.org\/{rel}","templated":true}]}}