{"id":2456,"date":"2026-03-14T23:03:53","date_gmt":"2026-03-14T22:03:53","guid":{"rendered":"https:\/\/kokostore.pl\/?post_type=product&#038;p=2456"},"modified":"2026-03-14T23:03:53","modified_gmt":"2026-03-14T22:03:53","slug":"sukienka-perelka","status":"publish","type":"product","link":"https:\/\/kokostore.pl\/index.php\/produkt\/sukienka-perelka\/","title":{"rendered":"Sukienka pere\u0142ka"},"content":{"rendered":"<p>Elegancka sukienka dziewcz\u0119ca w klasycznym kolorze ecru \u00a0\u2013 idealna na wyj\u0105tkowe okazje, takie jak uroczysto\u015bci rodzinne, przyj\u0119cia czy komunie. Sukienka posiada delikatne, tiulowe r\u0119kawy ozdobione subtelnymi pere\u0142kami oraz lekko rozkloszowany d\u00f3\u0142 z tiulu, kt\u00f3ry pi\u0119knie uk\u0142ada si\u0119 podczas ruchu. Dodatkowym urokiem jest tiulowa kokarda wi\u0105zana z ty\u0142u, nadaj\u0105ca ca\u0142o\u015bci wyj\u0105tkowo dziewcz\u0119cego i eleganckiego charakteru. <span class=\"html-span xexx8yu xyri2b x18d9i69 x1c1uobl x1hl2dhg x16tdsg8 x1vvkbs x3nfvp2 x1j61x8r x1fcty0u xdj266r xat24cr xm2jcoa x1mpyi22 xxymvpz xlup9mm x1kky2od\"><img loading=\"lazy\" decoding=\"async\" class=\"xz74otr x15mokao x1ga7v0g x16uus16 xbiv7yw\" src=\"https:\/\/static.xx.fbcdn.net\/images\/emoji.php\/v9\/t75\/2\/16\/2728.png\" alt=\"&#x2728;\" width=\"16\" height=\"16\" \/><\/span><\/p>\n","protected":false},"excerpt":{"rendered":"<p>Elegancka sukienka dziewcz\u0119ca w klasycznym kolorze ecru \u00a0\u2013 idealna na wyj\u0105tkowe okazje, takie jak uroczysto\u015bci rodzinne, przyj\u0119cia czy komunie. Sukienka posiada delikatne, tiulowe r\u0119kawy ozdobione subtelnymi pere\u0142kami oraz lekko rozkloszowany d\u00f3\u0142 z tiulu, kt\u00f3ry pi\u0119knie uk\u0142ada si\u0119 podczas ruchu. Dodatkowym urokiem jest tiulowa kokarda wi\u0105zana z ty\u0142u, nadaj\u0105ca ca\u0142o\u015bci wyj\u0105tkowo dziewcz\u0119cego i eleganckiego charakteru.<\/p>\n","protected":false},"featured_media":2457,"comment_status":"open","ping_status":"closed","template":"","meta":{"_et_pb_use_builder":"","_et_pb_old_content":"","_et_gb_content_width":""},"product_brand":[],"product_cat":[56,37,36,20,51,53,25,43],"product_tag":[],"class_list":{"0":"post-2456","1":"product","2":"type-product","3":"status-publish","4":"has-post-thumbnail","6":"product_cat-wszystko","7":"product_cat-10-12-lat","8":"product_cat-8-9-lat","9":"product_cat-6-7-lat","10":"product_cat-kolekcje","11":"product_cat-okazjonalne","12":"product_cat-dziewczynka","13":"product_cat-sukienki","15":"first","16":"instock","17":"shipping-taxable","18":"purchasable","19":"product-type-variable"},"_links":{"self":[{"href":"https:\/\/kokostore.pl\/index.php\/wp-json\/wp\/v2\/product\/2456","targetHints":{"allow":["GET"]}}],"collection":[{"href":"https:\/\/kokostore.pl\/index.php\/wp-json\/wp\/v2\/product"}],"about":[{"href":"https:\/\/kokostore.pl\/index.php\/wp-json\/wp\/v2\/types\/product"}],"replies":[{"embeddable":true,"href":"https:\/\/kokostore.pl\/index.php\/wp-json\/wp\/v2\/comments?post=2456"}],"wp:featuredmedia":[{"embeddable":true,"href":"https:\/\/kokostore.pl\/index.php\/wp-json\/wp\/v2\/media\/2457"}],"wp:attachment":[{"href":"https:\/\/kokostore.pl\/index.php\/wp-json\/wp\/v2\/media?parent=2456"}],"wp:term":[{"taxonomy":"product_brand","embeddable":true,"href":"https:\/\/kokostore.pl\/index.php\/wp-json\/wp\/v2\/product_brand?post=2456"},{"taxonomy":"product_cat","embeddable":true,"href":"https:\/\/kokostore.pl\/index.php\/wp-json\/wp\/v2\/product_cat?post=2456"},{"taxonomy":"product_tag","embeddable":true,"href":"https:\/\/kokostore.pl\/index.php\/wp-json\/wp\/v2\/product_tag?post=2456"}],"curies":[{"name":"wp","href":"https:\/\/api.w.org\/{rel}","templated":true}]}}