{"id":2447,"date":"2026-03-14T22:52:41","date_gmt":"2026-03-14T21:52:41","guid":{"rendered":"https:\/\/kokostore.pl\/?post_type=product&#038;p=2447"},"modified":"2026-03-14T22:52:41","modified_gmt":"2026-03-14T21:52:41","slug":"bluza-w-paski-igomill","status":"publish","type":"product","link":"https:\/\/kokostore.pl\/index.php\/produkt\/bluza-w-paski-igomill\/","title":{"rendered":"Bluza w paski IGOMILL"},"content":{"rendered":"<p>Bluzka dziewcz\u0119ca z d\u0142ugim r\u0119kawem w modnym, casualowym stylu. Wykonana z mi\u0119kkiego i przyjemnego materia\u0142u, zapewnia wygod\u0119 noszenia przez ca\u0142y dzie\u0144. Ciemnozielony kolor prze\u0142amany jest stylowymi, r\u00f3\u017cowymi paskami, kt\u00f3re nadaj\u0105 ca\u0142o\u015bci dziewcz\u0119cego charakteru. Idealna do codziennych stylizacji \u2013 \u015bwietnie pasuje do leggins\u00f3w, jeans\u00f3w czy sp\u00f3dniczki. <span class=\"html-span xexx8yu xyri2b x18d9i69 x1c1uobl x1hl2dhg x16tdsg8 x1vvkbs x3nfvp2 x1j61x8r x1fcty0u xdj266r xat24cr xm2jcoa x1mpyi22 xxymvpz xlup9mm x1kky2od\"><img loading=\"lazy\" decoding=\"async\" class=\"xz74otr x15mokao x1ga7v0g x16uus16 xbiv7yw\" src=\"https:\/\/static.xx.fbcdn.net\/images\/emoji.php\/v9\/t9\/2\/16\/1f497.png\" alt=\"&#x1f497;\" width=\"16\" height=\"16\" \/><\/span><span class=\"html-span xexx8yu xyri2b x18d9i69 x1c1uobl x1hl2dhg x16tdsg8 x1vvkbs x3nfvp2 x1j61x8r x1fcty0u xdj266r xat24cr xm2jcoa x1mpyi22 xxymvpz xlup9mm x1kky2od\"><img loading=\"lazy\" decoding=\"async\" class=\"xz74otr x15mokao x1ga7v0g x16uus16 xbiv7yw\" src=\"https:\/\/static.xx.fbcdn.net\/images\/emoji.php\/v9\/t8b\/2\/16\/1f455.png\" alt=\"&#x1f455;\" width=\"16\" height=\"16\" \/><\/span><\/p>\n","protected":false},"excerpt":{"rendered":"<p>Bluzka dziewcz\u0119ca z d\u0142ugim r\u0119kawem w modnym, casualowym stylu. Wykonana z mi\u0119kkiego i przyjemnego materia\u0142u, zapewnia wygod\u0119 noszenia przez ca\u0142y dzie\u0144. Ciemnozielony kolor prze\u0142amany jest stylowymi, r\u00f3\u017cowymi paskami, kt\u00f3re nadaj\u0105 ca\u0142o\u015bci dziewcz\u0119cego charakteru. Idealna do codziennych stylizacji \u2013 \u015bwietnie pasuje do leggins\u00f3w, jeans\u00f3w czy sp\u00f3dniczki.<\/p>\n","protected":false},"featured_media":2449,"comment_status":"open","ping_status":"closed","template":"","meta":{"_et_pb_use_builder":"","_et_pb_old_content":"","_et_gb_content_width":""},"product_brand":[],"product_cat":[56,37,36,20,35,51,52,54,25,39],"product_tag":[],"class_list":{"0":"post-2447","1":"product","2":"type-product","3":"status-publish","4":"has-post-thumbnail","6":"product_cat-wszystko","7":"product_cat-10-12-lat","8":"product_cat-8-9-lat","9":"product_cat-6-7-lat","10":"product_cat-4-5-lat","11":"product_cat-kolekcje","12":"product_cat-codzienne","13":"product_cat-sportowe","14":"product_cat-dziewczynka","15":"product_cat-bluzy","17":"first","18":"instock","19":"shipping-taxable","20":"purchasable","21":"product-type-variable"},"_links":{"self":[{"href":"https:\/\/kokostore.pl\/index.php\/wp-json\/wp\/v2\/product\/2447","targetHints":{"allow":["GET"]}}],"collection":[{"href":"https:\/\/kokostore.pl\/index.php\/wp-json\/wp\/v2\/product"}],"about":[{"href":"https:\/\/kokostore.pl\/index.php\/wp-json\/wp\/v2\/types\/product"}],"replies":[{"embeddable":true,"href":"https:\/\/kokostore.pl\/index.php\/wp-json\/wp\/v2\/comments?post=2447"}],"wp:featuredmedia":[{"embeddable":true,"href":"https:\/\/kokostore.pl\/index.php\/wp-json\/wp\/v2\/media\/2449"}],"wp:attachment":[{"href":"https:\/\/kokostore.pl\/index.php\/wp-json\/wp\/v2\/media?parent=2447"}],"wp:term":[{"taxonomy":"product_brand","embeddable":true,"href":"https:\/\/kokostore.pl\/index.php\/wp-json\/wp\/v2\/product_brand?post=2447"},{"taxonomy":"product_cat","embeddable":true,"href":"https:\/\/kokostore.pl\/index.php\/wp-json\/wp\/v2\/product_cat?post=2447"},{"taxonomy":"product_tag","embeddable":true,"href":"https:\/\/kokostore.pl\/index.php\/wp-json\/wp\/v2\/product_tag?post=2447"}],"curies":[{"name":"wp","href":"https:\/\/api.w.org\/{rel}","templated":true}]}}