{"id":2439,"date":"2026-03-14T22:43:16","date_gmt":"2026-03-14T21:43:16","guid":{"rendered":"https:\/\/kokostore.pl\/?post_type=product&#038;p=2439"},"modified":"2026-03-14T22:43:16","modified_gmt":"2026-03-14T21:43:16","slug":"t-shirt-all-for-kids","status":"publish","type":"product","link":"https:\/\/kokostore.pl\/index.php\/produkt\/t-shirt-all-for-kids\/","title":{"rendered":"T-shirt ALL FOR KIDS"},"content":{"rendered":"<p>Koszulka dziewcz\u0119ca w modnym, casualowym stylu. Bia\u0142a koszulka z kr\u00f3tkim r\u0119kawem ozdobiona efektownym nadrukiem \u201e68\u201d z delikatnym, kwiatowym motywem. Wykonana z przyjemnej w dotyku, komfortowej tkaniny, zapewnia wygod\u0119 noszenia przez ca\u0142y dzie\u0144. \u015awietnie sprawdzi si\u0119 zar\u00f3wno do codziennych stylizacji, jak i do szko\u0142y czy na spotkania z przyjaci\u00f3\u0142mi. <span class=\"html-span xexx8yu xyri2b x18d9i69 x1c1uobl x1hl2dhg x16tdsg8 x1vvkbs x3nfvp2 x1j61x8r x1fcty0u xdj266r xat24cr xm2jcoa x1mpyi22 xxymvpz xlup9mm x1kky2od\"><img loading=\"lazy\" decoding=\"async\" class=\"xz74otr x15mokao x1ga7v0g x16uus16 xbiv7yw\" src=\"https:\/\/static.xx.fbcdn.net\/images\/emoji.php\/v9\/t8f\/2\/16\/1f338.png\" alt=\"&#x1f338;\" width=\"16\" height=\"16\" \/><\/span><\/p>\n","protected":false},"excerpt":{"rendered":"<p>Koszulka dziewcz\u0119ca w modnym, casualowym stylu. Bia\u0142a koszulka z kr\u00f3tkim r\u0119kawem ozdobiona efektownym nadrukiem \u201e68\u201d z delikatnym, kwiatowym motywem. Wykonana z przyjemnej w dotyku, komfortowej tkaniny, zapewnia wygod\u0119 noszenia przez ca\u0142y dzie\u0144. \u015awietnie sprawdzi si\u0119 zar\u00f3wno do codziennych stylizacji, jak i do szko\u0142y czy na spotkania z przyjaci\u00f3\u0142mi.<\/p>\n","protected":false},"featured_media":2440,"comment_status":"open","ping_status":"closed","template":"","meta":{"_et_pb_use_builder":"","_et_pb_old_content":"","_et_gb_content_width":""},"product_brand":[],"product_cat":[56,37,36,20,35,51,52,54,25,38],"product_tag":[],"class_list":{"0":"post-2439","1":"product","2":"type-product","3":"status-publish","4":"has-post-thumbnail","6":"product_cat-wszystko","7":"product_cat-10-12-lat","8":"product_cat-8-9-lat","9":"product_cat-6-7-lat","10":"product_cat-4-5-lat","11":"product_cat-kolekcje","12":"product_cat-codzienne","13":"product_cat-sportowe","14":"product_cat-dziewczynka","15":"product_cat-bluzki-i-koszule","17":"first","18":"instock","19":"shipping-taxable","20":"purchasable","21":"product-type-variable"},"_links":{"self":[{"href":"https:\/\/kokostore.pl\/index.php\/wp-json\/wp\/v2\/product\/2439","targetHints":{"allow":["GET"]}}],"collection":[{"href":"https:\/\/kokostore.pl\/index.php\/wp-json\/wp\/v2\/product"}],"about":[{"href":"https:\/\/kokostore.pl\/index.php\/wp-json\/wp\/v2\/types\/product"}],"replies":[{"embeddable":true,"href":"https:\/\/kokostore.pl\/index.php\/wp-json\/wp\/v2\/comments?post=2439"}],"wp:featuredmedia":[{"embeddable":true,"href":"https:\/\/kokostore.pl\/index.php\/wp-json\/wp\/v2\/media\/2440"}],"wp:attachment":[{"href":"https:\/\/kokostore.pl\/index.php\/wp-json\/wp\/v2\/media?parent=2439"}],"wp:term":[{"taxonomy":"product_brand","embeddable":true,"href":"https:\/\/kokostore.pl\/index.php\/wp-json\/wp\/v2\/product_brand?post=2439"},{"taxonomy":"product_cat","embeddable":true,"href":"https:\/\/kokostore.pl\/index.php\/wp-json\/wp\/v2\/product_cat?post=2439"},{"taxonomy":"product_tag","embeddable":true,"href":"https:\/\/kokostore.pl\/index.php\/wp-json\/wp\/v2\/product_tag?post=2439"}],"curies":[{"name":"wp","href":"https:\/\/api.w.org\/{rel}","templated":true}]}}