{"id":2432,"date":"2026-03-14T22:36:44","date_gmt":"2026-03-14T21:36:44","guid":{"rendered":"https:\/\/kokostore.pl\/?post_type=product&#038;p=2432"},"modified":"2026-03-14T22:36:44","modified_gmt":"2026-03-14T21:36:44","slug":"spodnie-dresowe-all-for-kids","status":"publish","type":"product","link":"https:\/\/kokostore.pl\/index.php\/produkt\/spodnie-dresowe-all-for-kids\/","title":{"rendered":"Spodnie dresowe ALL FOR KIDS"},"content":{"rendered":"<p>Stylowe spodnie ch\u0142opi\u0119ce w modnym, be\u017cowym kolorze. Wykonane z mi\u0119kkiego i wygodnego materia\u0142u, kt\u00f3ry zapewnia komfort przez ca\u0142y dzie\u0144. Praktyczne kieszenie cargo oraz dopasowany kr\u00f3j sprawiaj\u0105, \u017ce spodnie \u015bwietnie sprawdz\u0105 si\u0119 zar\u00f3wno na co dzie\u0144, do szko\u0142y, jak i podczas aktywnej zabawy.<\/p>\n","protected":false},"excerpt":{"rendered":"<p>Stylowe spodnie ch\u0142opi\u0119ce w modnym, be\u017cowym kolorze. Wykonane z mi\u0119kkiego i wygodnego materia\u0142u, kt\u00f3ry zapewnia komfort przez ca\u0142y dzie\u0144. Praktyczne kieszenie cargo oraz dopasowany kr\u00f3j sprawiaj\u0105, \u017ce spodnie \u015bwietnie sprawdz\u0105 si\u0119 zar\u00f3wno na co dzie\u0144, do szko\u0142y, jak i podczas aktywnej zabawy.<\/p>\n","protected":false},"featured_media":2433,"comment_status":"open","ping_status":"closed","template":"","meta":{"_et_pb_use_builder":"","_et_pb_old_content":"","_et_gb_content_width":""},"product_brand":[],"product_cat":[56,37,36,20,35,51,52,54,19,48],"product_tag":[],"class_list":{"0":"post-2432","1":"product","2":"type-product","3":"status-publish","4":"has-post-thumbnail","6":"product_cat-wszystko","7":"product_cat-10-12-lat","8":"product_cat-8-9-lat","9":"product_cat-6-7-lat","10":"product_cat-4-5-lat","11":"product_cat-kolekcje","12":"product_cat-codzienne","13":"product_cat-sportowe","14":"product_cat-chlopiec","15":"product_cat-spodnie-chlopiec","17":"first","18":"instock","19":"shipping-taxable","20":"purchasable","21":"product-type-variable"},"_links":{"self":[{"href":"https:\/\/kokostore.pl\/index.php\/wp-json\/wp\/v2\/product\/2432","targetHints":{"allow":["GET"]}}],"collection":[{"href":"https:\/\/kokostore.pl\/index.php\/wp-json\/wp\/v2\/product"}],"about":[{"href":"https:\/\/kokostore.pl\/index.php\/wp-json\/wp\/v2\/types\/product"}],"replies":[{"embeddable":true,"href":"https:\/\/kokostore.pl\/index.php\/wp-json\/wp\/v2\/comments?post=2432"}],"wp:featuredmedia":[{"embeddable":true,"href":"https:\/\/kokostore.pl\/index.php\/wp-json\/wp\/v2\/media\/2433"}],"wp:attachment":[{"href":"https:\/\/kokostore.pl\/index.php\/wp-json\/wp\/v2\/media?parent=2432"}],"wp:term":[{"taxonomy":"product_brand","embeddable":true,"href":"https:\/\/kokostore.pl\/index.php\/wp-json\/wp\/v2\/product_brand?post=2432"},{"taxonomy":"product_cat","embeddable":true,"href":"https:\/\/kokostore.pl\/index.php\/wp-json\/wp\/v2\/product_cat?post=2432"},{"taxonomy":"product_tag","embeddable":true,"href":"https:\/\/kokostore.pl\/index.php\/wp-json\/wp\/v2\/product_tag?post=2432"}],"curies":[{"name":"wp","href":"https:\/\/api.w.org\/{rel}","templated":true}]}}