{"id":2414,"date":"2026-03-14T22:06:58","date_gmt":"2026-03-14T21:06:58","guid":{"rendered":"https:\/\/kokostore.pl\/?post_type=product&#038;p=2414"},"modified":"2026-03-31T17:54:57","modified_gmt":"2026-03-31T15:54:57","slug":"garnitur-szary-w-kratke","status":"publish","type":"product","link":"https:\/\/kokostore.pl\/index.php\/produkt\/garnitur-szary-w-kratke\/","title":{"rendered":"Garnitur szary w kratk\u0119"},"content":{"rendered":"<p>Stylowy garnitur w jasnoszarym kolorze z modn\u0105 krat\u0105 <span class=\"html-span xexx8yu xyri2b x18d9i69 x1c1uobl x1hl2dhg x16tdsg8 x1vvkbs x3nfvp2 x1j61x8r x1fcty0u xdj266r xat24cr xm2jcoa x1mpyi22 xxymvpz xlup9mm x1kky2od\"><img loading=\"lazy\" decoding=\"async\" class=\"xz74otr x15mokao x1ga7v0g x16uus16 xbiv7yw\" src=\"https:\/\/static.xx.fbcdn.net\/images\/emoji.php\/v9\/tf7\/2\/16\/1f929.png\" alt=\"&#x1f929;\" width=\"16\" height=\"16\" \/><\/span> Idealny na komuni\u0119, wesele, uroczysto\u015bci rodzinne oraz szkolne wydarzenia <span class=\"html-span xexx8yu xyri2b x18d9i69 x1c1uobl x1hl2dhg x16tdsg8 x1vvkbs x3nfvp2 x1j61x8r x1fcty0u xdj266r xat24cr xm2jcoa x1mpyi22 xxymvpz xlup9mm x1kky2od\"><img loading=\"lazy\" decoding=\"async\" class=\"xz74otr x15mokao x1ga7v0g x16uus16 xbiv7yw\" src=\"https:\/\/static.xx.fbcdn.net\/images\/emoji.php\/v9\/te\/2\/16\/1f935_1f3fc.png\" alt=\"&#x1f935;&#x1f3fc;\" width=\"16\" height=\"16\" \/><\/span>Klasyczna marynarka zapinana na guzik oraz wygodne spodnie tworz\u0105 elegancki i ponadczasowy zestaw<\/p>\n","protected":false},"excerpt":{"rendered":"<p>Stylowy garnitur w jasnoszarym kolorze z modn\u0105 krat\u0105 Idealny na komuni\u0119, wesele, uroczysto\u015bci rodzinne oraz szkolne wydarzenia Klasyczna marynarka zapinana na guzik oraz wygodne spodnie tworz\u0105 elegancki i ponadczasowy zestaw<\/p>\n","protected":false},"featured_media":2418,"comment_status":"open","ping_status":"closed","template":"","meta":{"_et_pb_use_builder":"","_et_pb_old_content":"","_et_gb_content_width":""},"product_brand":[],"product_cat":[56,37,36,20,35,51,53,19,59],"product_tag":[],"class_list":{"0":"post-2414","1":"product","2":"type-product","3":"status-publish","4":"has-post-thumbnail","6":"product_cat-wszystko","7":"product_cat-10-12-lat","8":"product_cat-8-9-lat","9":"product_cat-6-7-lat","10":"product_cat-4-5-lat","11":"product_cat-kolekcje","12":"product_cat-okazjonalne","13":"product_cat-chlopiec","14":"product_cat-garnitury","16":"first","17":"instock","18":"shipping-taxable","19":"purchasable","20":"product-type-variable"},"_links":{"self":[{"href":"https:\/\/kokostore.pl\/index.php\/wp-json\/wp\/v2\/product\/2414","targetHints":{"allow":["GET"]}}],"collection":[{"href":"https:\/\/kokostore.pl\/index.php\/wp-json\/wp\/v2\/product"}],"about":[{"href":"https:\/\/kokostore.pl\/index.php\/wp-json\/wp\/v2\/types\/product"}],"replies":[{"embeddable":true,"href":"https:\/\/kokostore.pl\/index.php\/wp-json\/wp\/v2\/comments?post=2414"}],"wp:featuredmedia":[{"embeddable":true,"href":"https:\/\/kokostore.pl\/index.php\/wp-json\/wp\/v2\/media\/2418"}],"wp:attachment":[{"href":"https:\/\/kokostore.pl\/index.php\/wp-json\/wp\/v2\/media?parent=2414"}],"wp:term":[{"taxonomy":"product_brand","embeddable":true,"href":"https:\/\/kokostore.pl\/index.php\/wp-json\/wp\/v2\/product_brand?post=2414"},{"taxonomy":"product_cat","embeddable":true,"href":"https:\/\/kokostore.pl\/index.php\/wp-json\/wp\/v2\/product_cat?post=2414"},{"taxonomy":"product_tag","embeddable":true,"href":"https:\/\/kokostore.pl\/index.php\/wp-json\/wp\/v2\/product_tag?post=2414"}],"curies":[{"name":"wp","href":"https:\/\/api.w.org\/{rel}","templated":true}]}}