{"id":2406,"date":"2026-03-14T21:51:01","date_gmt":"2026-03-14T20:51:01","guid":{"rendered":"https:\/\/kokostore.pl\/?post_type=product&#038;p=2406"},"modified":"2026-04-08T19:53:26","modified_gmt":"2026-04-08T17:53:26","slug":"bluza-z-kapturem-loose-bluzz","status":"publish","type":"product","link":"https:\/\/kokostore.pl\/index.php\/produkt\/bluza-z-kapturem-loose-bluzz\/","title":{"rendered":"Bluza z kapturem LOOSE BLUZZ"},"content":{"rendered":"<p>Stylowa i wygodna bluza ch\u0142opi\u0119ca z kapturem w modny, czerwono-kremowy wz\u00f3r w paski. Wykonana z mi\u0119kkiego i przyjemnego w dotyku materia\u0142u, zapewnia komfort noszenia przez ca\u0142y dzie\u0144. Klasyczny kr\u00f3j oraz \u015bci\u0105gacze przy r\u0119kawach i na dole bluzy sprawiaj\u0105, \u017ce dobrze dopasowuje si\u0119 do sylwetki i chroni przed ch\u0142odem. Ozdobny nadruk z przodu nadaje jej nowoczesnego, m\u0142odzie\u017cowego charakteru. Idealna na co dzie\u0144 \u2013 do szko\u0142y, na spacer czy zabaw\u0119.<\/p>\n","protected":false},"excerpt":{"rendered":"<p>Stylowa i wygodna bluza ch\u0142opi\u0119ca z kapturem w modny, czerwono-kremowy wz\u00f3r w paski. Wykonana z mi\u0119kkiego i przyjemnego w dotyku materia\u0142u, zapewnia komfort noszenia przez ca\u0142y dzie\u0144. Klasyczny kr\u00f3j oraz \u015bci\u0105gacze przy r\u0119kawach i na dole bluzy sprawiaj\u0105, \u017ce dobrze dopasowuje si\u0119 do sylwetki i chroni przed ch\u0142odem. Ozdobny nadruk z przodu nadaje jej nowoczesnego, [&hellip;]<\/p>\n","protected":false},"featured_media":2383,"comment_status":"open","ping_status":"closed","template":"","meta":{"_et_pb_use_builder":"","_et_pb_old_content":"","_et_gb_content_width":""},"product_brand":[],"product_cat":[56,20,35,51,52,54,19,47,27],"product_tag":[],"class_list":{"0":"post-2406","1":"product","2":"type-product","3":"status-publish","4":"has-post-thumbnail","6":"product_cat-wszystko","7":"product_cat-6-7-lat","8":"product_cat-4-5-lat","9":"product_cat-kolekcje","10":"product_cat-codzienne","11":"product_cat-sportowe","12":"product_cat-chlopiec","13":"product_cat-bluzki-i-koszule-chlopiec","14":"product_cat-wyprzedaz","16":"first","17":"instock","18":"sale","19":"shipping-taxable","20":"purchasable","21":"product-type-variable"},"_links":{"self":[{"href":"https:\/\/kokostore.pl\/index.php\/wp-json\/wp\/v2\/product\/2406","targetHints":{"allow":["GET"]}}],"collection":[{"href":"https:\/\/kokostore.pl\/index.php\/wp-json\/wp\/v2\/product"}],"about":[{"href":"https:\/\/kokostore.pl\/index.php\/wp-json\/wp\/v2\/types\/product"}],"replies":[{"embeddable":true,"href":"https:\/\/kokostore.pl\/index.php\/wp-json\/wp\/v2\/comments?post=2406"}],"wp:featuredmedia":[{"embeddable":true,"href":"https:\/\/kokostore.pl\/index.php\/wp-json\/wp\/v2\/media\/2383"}],"wp:attachment":[{"href":"https:\/\/kokostore.pl\/index.php\/wp-json\/wp\/v2\/media?parent=2406"}],"wp:term":[{"taxonomy":"product_brand","embeddable":true,"href":"https:\/\/kokostore.pl\/index.php\/wp-json\/wp\/v2\/product_brand?post=2406"},{"taxonomy":"product_cat","embeddable":true,"href":"https:\/\/kokostore.pl\/index.php\/wp-json\/wp\/v2\/product_cat?post=2406"},{"taxonomy":"product_tag","embeddable":true,"href":"https:\/\/kokostore.pl\/index.php\/wp-json\/wp\/v2\/product_tag?post=2406"}],"curies":[{"name":"wp","href":"https:\/\/api.w.org\/{rel}","templated":true}]}}