{"id":2398,"date":"2026-03-14T21:41:10","date_gmt":"2026-03-14T20:41:10","guid":{"rendered":"https:\/\/kokostore.pl\/?post_type=product&#038;p=2398"},"modified":"2026-03-30T18:25:23","modified_gmt":"2026-03-30T16:25:23","slug":"bluzka-kwiaty-bambola","status":"publish","type":"product","link":"https:\/\/kokostore.pl\/index.php\/produkt\/bluzka-kwiaty-bambola\/","title":{"rendered":"Bluzka Kwiaty BAMBOLA"},"content":{"rendered":"<div class=\"xdj266r x14z9mp xat24cr x1lziwak x1vvkbs x126k92a\">\n<div dir=\"auto\"><span class=\"html-span xexx8yu xyri2b x18d9i69 x1c1uobl x1hl2dhg x16tdsg8 x1vvkbs x3nfvp2 x1j61x8r x1fcty0u xdj266r xat24cr xm2jcoa x1mpyi22 xxymvpz xlup9mm x1kky2od\"><img loading=\"lazy\" decoding=\"async\" class=\"xz74otr x15mokao x1ga7v0g x16uus16 xbiv7yw\" src=\"https:\/\/static.xx.fbcdn.net\/images\/emoji.php\/v9\/t8f\/2\/16\/1f338.png\" alt=\"&#x1f338;\" width=\"16\" height=\"16\" \/><\/span> Dziewcz\u0119ca bluzeczka w kwiaty \u2013 stylowa i wygodna. Delikatny wz\u00f3r oraz mi\u0119kki materia\u0142 sprawiaj\u0105, \u017ce \u015bwietnie sprawdzi si\u0119 na co dzie\u0144 i na specjalne okazje. <span class=\"html-span xexx8yu xyri2b x18d9i69 x1c1uobl x1hl2dhg x16tdsg8 x1vvkbs x3nfvp2 x1j61x8r x1fcty0u xdj266r xat24cr xm2jcoa x1mpyi22 xxymvpz xlup9mm x1kky2od\"><img loading=\"lazy\" decoding=\"async\" class=\"xz74otr x15mokao x1ga7v0g x16uus16 xbiv7yw\" src=\"https:\/\/static.xx.fbcdn.net\/images\/emoji.php\/v9\/t9\/2\/16\/1f497.png\" alt=\"&#x1f497;\" width=\"16\" height=\"16\" \/><\/span><\/div>\n<\/div>\n<div class=\"x14z9mp xat24cr x1lziwak x1vvkbs xtlvy1s x126k92a\">\n<div dir=\"auto\"><\/div>\n<\/div>\n","protected":false},"excerpt":{"rendered":"<p>Dziewcz\u0119ca bluzeczka w kwiaty \u2013 stylowa i wygodna. Delikatny wz\u00f3r oraz mi\u0119kki materia\u0142 sprawiaj\u0105, \u017ce \u015bwietnie sprawdzi si\u0119 na co dzie\u0144 i na specjalne okazje.<\/p>\n","protected":false},"featured_media":2400,"comment_status":"open","ping_status":"closed","template":"","meta":{"_et_pb_use_builder":"","_et_pb_old_content":"","_et_gb_content_width":""},"product_brand":[],"product_cat":[56,36,20,35,34,51,52,25,38],"product_tag":[],"class_list":{"0":"post-2398","1":"product","2":"type-product","3":"status-publish","4":"has-post-thumbnail","6":"product_cat-wszystko","7":"product_cat-8-9-lat","8":"product_cat-6-7-lat","9":"product_cat-4-5-lat","10":"product_cat-2-3-lata","11":"product_cat-kolekcje","12":"product_cat-codzienne","13":"product_cat-dziewczynka","14":"product_cat-bluzki-i-koszule","16":"first","17":"instock","18":"shipping-taxable","19":"purchasable","20":"product-type-variable"},"_links":{"self":[{"href":"https:\/\/kokostore.pl\/index.php\/wp-json\/wp\/v2\/product\/2398","targetHints":{"allow":["GET"]}}],"collection":[{"href":"https:\/\/kokostore.pl\/index.php\/wp-json\/wp\/v2\/product"}],"about":[{"href":"https:\/\/kokostore.pl\/index.php\/wp-json\/wp\/v2\/types\/product"}],"replies":[{"embeddable":true,"href":"https:\/\/kokostore.pl\/index.php\/wp-json\/wp\/v2\/comments?post=2398"}],"wp:featuredmedia":[{"embeddable":true,"href":"https:\/\/kokostore.pl\/index.php\/wp-json\/wp\/v2\/media\/2400"}],"wp:attachment":[{"href":"https:\/\/kokostore.pl\/index.php\/wp-json\/wp\/v2\/media?parent=2398"}],"wp:term":[{"taxonomy":"product_brand","embeddable":true,"href":"https:\/\/kokostore.pl\/index.php\/wp-json\/wp\/v2\/product_brand?post=2398"},{"taxonomy":"product_cat","embeddable":true,"href":"https:\/\/kokostore.pl\/index.php\/wp-json\/wp\/v2\/product_cat?post=2398"},{"taxonomy":"product_tag","embeddable":true,"href":"https:\/\/kokostore.pl\/index.php\/wp-json\/wp\/v2\/product_tag?post=2398"}],"curies":[{"name":"wp","href":"https:\/\/api.w.org\/{rel}","templated":true}]}}