{"id":2391,"date":"2026-03-10T23:34:58","date_gmt":"2026-03-10T22:34:58","guid":{"rendered":"https:\/\/kokostore.pl\/?post_type=product&#038;p=2391"},"modified":"2026-03-30T18:23:57","modified_gmt":"2026-03-30T16:23:57","slug":"legginsy-prazek-igomill-3","status":"publish","type":"product","link":"https:\/\/kokostore.pl\/index.php\/produkt\/legginsy-prazek-igomill-3\/","title":{"rendered":"Legginsy pr\u0105\u017cek IGOMILL"},"content":{"rendered":"<div dir=\"auto\">\u015awietne dopasowane legginsy, kt\u00f3re pi\u0119knie uk\u0142adaj\u0105 si\u0119 na sylwetce oraz zapewniaj\u0105 wysoki komfort noszenia <span class=\"html-span xexx8yu xyri2b x18d9i69 x1c1uobl x1hl2dhg x16tdsg8 x1vvkbs x3nfvp2 x1j61x8r x1fcty0u xdj266r xat24cr xm2jcoa x1mpyi22 xxymvpz xlup9mm x1kky2od\"><img loading=\"lazy\" decoding=\"async\" class=\"xz74otr x15mokao x1ga7v0g x16uus16 xbiv7yw\" src=\"https:\/\/static.xx.fbcdn.net\/images\/emoji.php\/v9\/t3f\/2\/16\/1f938_1f3fc_200d_2640.png\" alt=\"&#x1f938;&#x1f3fc;&#x200d;&#x2640;&#xfe0f;\" width=\"16\" height=\"16\" \/><\/span><\/div>\n<div dir=\"auto\">Wykonane z elastycznego pr\u0105\u017ckowanego materia\u0142u, dost\u0119pne u nas w dw\u00f3ch wersjach kolorystycznych <span class=\"html-span xexx8yu xyri2b x18d9i69 x1c1uobl x1hl2dhg x16tdsg8 x1vvkbs x3nfvp2 x1j61x8r x1fcty0u xdj266r xat24cr xm2jcoa x1mpyi22 xxymvpz xlup9mm x1kky2od\"><img loading=\"lazy\" decoding=\"async\" class=\"xz74otr x15mokao x1ga7v0g x16uus16 xbiv7yw\" src=\"https:\/\/static.xx.fbcdn.net\/images\/emoji.php\/v9\/t38\/2\/16\/1fa77.png\" alt=\"&#x1fa77;\" width=\"16\" height=\"16\" \/><\/span><\/div>\n","protected":false},"excerpt":{"rendered":"<p>\u015awietne dopasowane legginsy, kt\u00f3re pi\u0119knie uk\u0142adaj\u0105 si\u0119 na sylwetce oraz zapewniaj\u0105 wysoki komfort noszenia Wykonane z elastycznego pr\u0105\u017ckowanego materia\u0142u, dost\u0119pne u nas w dw\u00f3ch wersjach kolorystycznych<\/p>\n","protected":false},"featured_media":2392,"comment_status":"open","ping_status":"closed","template":"","meta":{"_et_pb_use_builder":"","_et_pb_old_content":"","_et_gb_content_width":""},"product_brand":[],"product_cat":[37,36,20,35,51,52,54,25,41],"product_tag":[],"class_list":{"0":"post-2391","1":"product","2":"type-product","3":"status-publish","4":"has-post-thumbnail","6":"product_cat-10-12-lat","7":"product_cat-8-9-lat","8":"product_cat-6-7-lat","9":"product_cat-4-5-lat","10":"product_cat-kolekcje","11":"product_cat-codzienne","12":"product_cat-sportowe","13":"product_cat-dziewczynka","14":"product_cat-legginsy","16":"first","17":"instock","18":"shipping-taxable","19":"purchasable","20":"product-type-variable"},"_links":{"self":[{"href":"https:\/\/kokostore.pl\/index.php\/wp-json\/wp\/v2\/product\/2391","targetHints":{"allow":["GET"]}}],"collection":[{"href":"https:\/\/kokostore.pl\/index.php\/wp-json\/wp\/v2\/product"}],"about":[{"href":"https:\/\/kokostore.pl\/index.php\/wp-json\/wp\/v2\/types\/product"}],"replies":[{"embeddable":true,"href":"https:\/\/kokostore.pl\/index.php\/wp-json\/wp\/v2\/comments?post=2391"}],"wp:featuredmedia":[{"embeddable":true,"href":"https:\/\/kokostore.pl\/index.php\/wp-json\/wp\/v2\/media\/2392"}],"wp:attachment":[{"href":"https:\/\/kokostore.pl\/index.php\/wp-json\/wp\/v2\/media?parent=2391"}],"wp:term":[{"taxonomy":"product_brand","embeddable":true,"href":"https:\/\/kokostore.pl\/index.php\/wp-json\/wp\/v2\/product_brand?post=2391"},{"taxonomy":"product_cat","embeddable":true,"href":"https:\/\/kokostore.pl\/index.php\/wp-json\/wp\/v2\/product_cat?post=2391"},{"taxonomy":"product_tag","embeddable":true,"href":"https:\/\/kokostore.pl\/index.php\/wp-json\/wp\/v2\/product_tag?post=2391"}],"curies":[{"name":"wp","href":"https:\/\/api.w.org\/{rel}","templated":true}]}}