{"id":2377,"date":"2026-03-10T23:25:47","date_gmt":"2026-03-10T22:25:47","guid":{"rendered":"https:\/\/kokostore.pl\/?post_type=product&#038;p=2377"},"modified":"2026-04-08T21:33:42","modified_gmt":"2026-04-08T19:33:42","slug":"bluza-abstract-mash-mnie","status":"publish","type":"product","link":"https:\/\/kokostore.pl\/index.php\/produkt\/bluza-abstract-mash-mnie\/","title":{"rendered":"Bluza abstract MASH MNIE"},"content":{"rendered":"<p>Nowoczesna bluza dzieci\u0119ca z modnym, abstrakcyjnym wzorem w odcieniach szaro\u015bci i b\u0142\u0119kitu z firmy MASHMNIE poleca si\u0119 KOKOSowym klientom <span class=\"html-span xexx8yu xyri2b x18d9i69 x1c1uobl x1hl2dhg x16tdsg8 x1vvkbs x3nfvp2 x1j61x8r x1fcty0u xdj266r xat24cr xm2jcoa x1mpyi22 xxymvpz xlup9mm x1kky2od\"><img loading=\"lazy\" decoding=\"async\" class=\"xz74otr x15mokao x1ga7v0g x16uus16 xbiv7yw\" src=\"https:\/\/static.xx.fbcdn.net\/images\/emoji.php\/v9\/t56\/2\/16\/1f917.png\" alt=\"&#x1f917;\" width=\"16\" height=\"16\" \/><\/span>Mi\u0119kka, wygodna i idealna na co dzie\u0144. \u015awietnie wygl\u0105da z dresami lub jeansami \u2013 styl i komfort w jednym!<\/p>\n","protected":false},"excerpt":{"rendered":"<p>Nowoczesna bluza dzieci\u0119ca z modnym, abstrakcyjnym wzorem w odcieniach szaro\u015bci i b\u0142\u0119kitu z firmy MASHMNIE poleca si\u0119 KOKOSowym klientom Mi\u0119kka, wygodna i idealna na co dzie\u0144. \u015awietnie wygl\u0105da z dresami lub jeansami \u2013 styl i komfort w jednym!<\/p>\n","protected":false},"featured_media":2327,"comment_status":"open","ping_status":"closed","template":"","meta":{"_et_pb_use_builder":"","_et_pb_old_content":"","_et_gb_content_width":""},"product_brand":[],"product_cat":[37,36,20,35,51,52,54,19,47],"product_tag":[],"class_list":{"0":"post-2377","1":"product","2":"type-product","3":"status-publish","4":"has-post-thumbnail","6":"product_cat-10-12-lat","7":"product_cat-8-9-lat","8":"product_cat-6-7-lat","9":"product_cat-4-5-lat","10":"product_cat-kolekcje","11":"product_cat-codzienne","12":"product_cat-sportowe","13":"product_cat-chlopiec","14":"product_cat-bluzki-i-koszule-chlopiec","16":"first","17":"instock","18":"shipping-taxable","19":"purchasable","20":"product-type-variable"},"_links":{"self":[{"href":"https:\/\/kokostore.pl\/index.php\/wp-json\/wp\/v2\/product\/2377","targetHints":{"allow":["GET"]}}],"collection":[{"href":"https:\/\/kokostore.pl\/index.php\/wp-json\/wp\/v2\/product"}],"about":[{"href":"https:\/\/kokostore.pl\/index.php\/wp-json\/wp\/v2\/types\/product"}],"replies":[{"embeddable":true,"href":"https:\/\/kokostore.pl\/index.php\/wp-json\/wp\/v2\/comments?post=2377"}],"wp:featuredmedia":[{"embeddable":true,"href":"https:\/\/kokostore.pl\/index.php\/wp-json\/wp\/v2\/media\/2327"}],"wp:attachment":[{"href":"https:\/\/kokostore.pl\/index.php\/wp-json\/wp\/v2\/media?parent=2377"}],"wp:term":[{"taxonomy":"product_brand","embeddable":true,"href":"https:\/\/kokostore.pl\/index.php\/wp-json\/wp\/v2\/product_brand?post=2377"},{"taxonomy":"product_cat","embeddable":true,"href":"https:\/\/kokostore.pl\/index.php\/wp-json\/wp\/v2\/product_cat?post=2377"},{"taxonomy":"product_tag","embeddable":true,"href":"https:\/\/kokostore.pl\/index.php\/wp-json\/wp\/v2\/product_tag?post=2377"}],"curies":[{"name":"wp","href":"https:\/\/api.w.org\/{rel}","templated":true}]}}