{"id":2370,"date":"2026-03-10T23:20:51","date_gmt":"2026-03-10T22:20:51","guid":{"rendered":"https:\/\/kokostore.pl\/?post_type=product&#038;p=2370"},"modified":"2026-03-30T18:24:17","modified_gmt":"2026-03-30T16:24:17","slug":"koszula-serduszko-igomill","status":"publish","type":"product","link":"https:\/\/kokostore.pl\/index.php\/produkt\/koszula-serduszko-igomill\/","title":{"rendered":"Koszula Serduszko IGOMILL"},"content":{"rendered":"<p>Elegancka bluzeczka w kolorze ciemnej gorzkiej czekolady z uroczym wzorem serduszek <span class=\"html-span xexx8yu xyri2b x18d9i69 x1c1uobl x1hl2dhg x16tdsg8 x1vvkbs x3nfvp2 x1j61x8r x1fcty0u xdj266r xat24cr xm2jcoa x1mpyi22 xxymvpz xlup9mm x1kky2od\"><img loading=\"lazy\" decoding=\"async\" class=\"xz74otr x15mokao x1ga7v0g x16uus16 xbiv7yw\" src=\"https:\/\/static.xx.fbcdn.net\/images\/emoji.php\/v9\/tb4\/2\/16\/1f49b.png\" alt=\"&#x1f49b;\" width=\"16\" height=\"16\" \/><\/span>. Model z d\u0142ugim r\u0119kawem i delikatnie rozkloszowanym do\u0142em, kt\u00f3ry pi\u0119knie si\u0119 uk\u0142ada i zapewnia wygod\u0119 noszenia. Idealna zar\u00f3wno na co dzie\u0144, jak i na wyj\u0105tkowe okazje.<\/p>\n","protected":false},"excerpt":{"rendered":"<p>Elegancka bluzeczka w kolorze ciemnej gorzkiej czekolady z uroczym wzorem serduszek . Model z d\u0142ugim r\u0119kawem i delikatnie rozkloszowanym do\u0142em, kt\u00f3ry pi\u0119knie si\u0119 uk\u0142ada i zapewnia wygod\u0119 noszenia. Idealna zar\u00f3wno na co dzie\u0144, jak i na wyj\u0105tkowe okazje.<\/p>\n","protected":false},"featured_media":2371,"comment_status":"open","ping_status":"closed","template":"","meta":{"_et_pb_use_builder":"","_et_pb_old_content":"","_et_gb_content_width":""},"product_brand":[],"product_cat":[37,20,35,51,52,25,38],"product_tag":[],"class_list":{"0":"post-2370","1":"product","2":"type-product","3":"status-publish","4":"has-post-thumbnail","6":"product_cat-10-12-lat","7":"product_cat-6-7-lat","8":"product_cat-4-5-lat","9":"product_cat-kolekcje","10":"product_cat-codzienne","11":"product_cat-dziewczynka","12":"product_cat-bluzki-i-koszule","14":"first","15":"instock","16":"shipping-taxable","17":"purchasable","18":"product-type-variable"},"_links":{"self":[{"href":"https:\/\/kokostore.pl\/index.php\/wp-json\/wp\/v2\/product\/2370","targetHints":{"allow":["GET"]}}],"collection":[{"href":"https:\/\/kokostore.pl\/index.php\/wp-json\/wp\/v2\/product"}],"about":[{"href":"https:\/\/kokostore.pl\/index.php\/wp-json\/wp\/v2\/types\/product"}],"replies":[{"embeddable":true,"href":"https:\/\/kokostore.pl\/index.php\/wp-json\/wp\/v2\/comments?post=2370"}],"wp:featuredmedia":[{"embeddable":true,"href":"https:\/\/kokostore.pl\/index.php\/wp-json\/wp\/v2\/media\/2371"}],"wp:attachment":[{"href":"https:\/\/kokostore.pl\/index.php\/wp-json\/wp\/v2\/media?parent=2370"}],"wp:term":[{"taxonomy":"product_brand","embeddable":true,"href":"https:\/\/kokostore.pl\/index.php\/wp-json\/wp\/v2\/product_brand?post=2370"},{"taxonomy":"product_cat","embeddable":true,"href":"https:\/\/kokostore.pl\/index.php\/wp-json\/wp\/v2\/product_cat?post=2370"},{"taxonomy":"product_tag","embeddable":true,"href":"https:\/\/kokostore.pl\/index.php\/wp-json\/wp\/v2\/product_tag?post=2370"}],"curies":[{"name":"wp","href":"https:\/\/api.w.org\/{rel}","templated":true}]}}