{"id":2363,"date":"2026-03-10T23:14:09","date_gmt":"2026-03-10T22:14:09","guid":{"rendered":"https:\/\/kokostore.pl\/?post_type=product&#038;p=2363"},"modified":"2026-03-14T21:30:54","modified_gmt":"2026-03-14T20:30:54","slug":"sukienka-amour-igomill","status":"publish","type":"product","link":"https:\/\/kokostore.pl\/index.php\/produkt\/sukienka-amour-igomill\/","title":{"rendered":"Sukienka Amour IGOMILL"},"content":{"rendered":"<p>Sukienka w modnym, bordowym kolorze z napisem \u201eAmour Amour\u201d <span class=\"html-span xexx8yu xyri2b x18d9i69 x1c1uobl x1hl2dhg x16tdsg8 x1vvkbs x3nfvp2 x1j61x8r x1fcty0u xdj266r xat24cr xm2jcoa x1mpyi22 xxymvpz xlup9mm x1kky2od\"><img loading=\"lazy\" decoding=\"async\" class=\"xz74otr x15mokao x1ga7v0g x16uus16 xbiv7yw\" src=\"https:\/\/static.xx.fbcdn.net\/images\/emoji.php\/v9\/ted\/2\/16\/2764.png\" alt=\"&#x2764;&#xfe0f;\" width=\"16\" height=\"16\" \/><\/span> Wykonana z mi\u0119kkiej i wygodnej dzianiny, idealna na co dzie\u0144 i na wyj\u0105tkowe okazje. Komfortowy kr\u00f3j i delikatne marszczenie na gumeczce w pasie sprawiaj\u0105, \u017ce dopasowuje si\u0119 do sylwetki dziecka, pi\u0119knie si\u0119 uk\u0142ada i \u015bwietnie wygl\u0105da w ka\u017cdej stylizacji <span class=\"html-span xexx8yu xyri2b x18d9i69 x1c1uobl x1hl2dhg x16tdsg8 x1vvkbs x3nfvp2 x1j61x8r x1fcty0u xdj266r xat24cr xm2jcoa x1mpyi22 xxymvpz xlup9mm x1kky2od\"><img loading=\"lazy\" decoding=\"async\" class=\"xz74otr x15mokao x1ga7v0g x16uus16 xbiv7yw\" src=\"https:\/\/static.xx.fbcdn.net\/images\/emoji.php\/v9\/tf7\/2\/16\/1f929.png\" alt=\"&#x1f929;\" width=\"16\" height=\"16\" \/><\/span><\/p>\n","protected":false},"excerpt":{"rendered":"<p>Sukienka w modnym, bordowym kolorze z napisem \u201eAmour Amour\u201d Wykonana z mi\u0119kkiej i wygodnej dzianiny, idealna na co dzie\u0144 i na wyj\u0105tkowe okazje. Komfortowy kr\u00f3j i delikatne marszczenie na gumeczce w pasie sprawiaj\u0105, \u017ce dopasowuje si\u0119 do sylwetki dziecka, pi\u0119knie si\u0119 uk\u0142ada i \u015bwietnie wygl\u0105da w ka\u017cdej stylizacji<\/p>\n","protected":false},"featured_media":2364,"comment_status":"open","ping_status":"closed","template":"","meta":{"_et_pb_use_builder":"","_et_pb_old_content":"","_et_gb_content_width":""},"product_brand":[],"product_cat":[37,36,20,35,51,52,25,43],"product_tag":[],"class_list":{"0":"post-2363","1":"product","2":"type-product","3":"status-publish","4":"has-post-thumbnail","6":"product_cat-10-12-lat","7":"product_cat-8-9-lat","8":"product_cat-6-7-lat","9":"product_cat-4-5-lat","10":"product_cat-kolekcje","11":"product_cat-codzienne","12":"product_cat-dziewczynka","13":"product_cat-sukienki","15":"first","16":"instock","17":"shipping-taxable","18":"purchasable","19":"product-type-variable"},"_links":{"self":[{"href":"https:\/\/kokostore.pl\/index.php\/wp-json\/wp\/v2\/product\/2363","targetHints":{"allow":["GET"]}}],"collection":[{"href":"https:\/\/kokostore.pl\/index.php\/wp-json\/wp\/v2\/product"}],"about":[{"href":"https:\/\/kokostore.pl\/index.php\/wp-json\/wp\/v2\/types\/product"}],"replies":[{"embeddable":true,"href":"https:\/\/kokostore.pl\/index.php\/wp-json\/wp\/v2\/comments?post=2363"}],"wp:featuredmedia":[{"embeddable":true,"href":"https:\/\/kokostore.pl\/index.php\/wp-json\/wp\/v2\/media\/2364"}],"wp:attachment":[{"href":"https:\/\/kokostore.pl\/index.php\/wp-json\/wp\/v2\/media?parent=2363"}],"wp:term":[{"taxonomy":"product_brand","embeddable":true,"href":"https:\/\/kokostore.pl\/index.php\/wp-json\/wp\/v2\/product_brand?post=2363"},{"taxonomy":"product_cat","embeddable":true,"href":"https:\/\/kokostore.pl\/index.php\/wp-json\/wp\/v2\/product_cat?post=2363"},{"taxonomy":"product_tag","embeddable":true,"href":"https:\/\/kokostore.pl\/index.php\/wp-json\/wp\/v2\/product_tag?post=2363"}],"curies":[{"name":"wp","href":"https:\/\/api.w.org\/{rel}","templated":true}]}}