{"id":2355,"date":"2026-03-10T23:01:14","date_gmt":"2026-03-10T22:01:14","guid":{"rendered":"https:\/\/kokostore.pl\/?post_type=product&#038;p=2355"},"modified":"2026-03-30T18:24:30","modified_gmt":"2026-03-30T16:24:30","slug":"sukienka-z-wiazaniem-igomill","status":"publish","type":"product","link":"https:\/\/kokostore.pl\/index.php\/produkt\/sukienka-z-wiazaniem-igomill\/","title":{"rendered":"Sukienka z wi\u0105zaniem IGOMILL"},"content":{"rendered":"<div dir=\"auto\">Pi\u0119kna liliowa sukienka z d\u0142ugim r\u0119kawem, uszyta z mi\u0119kkiej, pr\u0105\u017ckowanej dzianiny, zachwyca prostym krojem i ozdobnym wi\u0105zaniem z przodu. <span class=\"html-span xexx8yu xyri2b x18d9i69 x1c1uobl x1hl2dhg x16tdsg8 x1vvkbs x3nfvp2 x1j61x8r x1fcty0u xdj266r xat24cr xm2jcoa x1mpyi22 xxymvpz xlup9mm x1kky2od\"><img loading=\"lazy\" decoding=\"async\" class=\"xz74otr x15mokao x1ga7v0g x16uus16 xbiv7yw\" src=\"https:\/\/static.xx.fbcdn.net\/images\/emoji.php\/v9\/t35\/2\/16\/1f49c.png\" alt=\"&#x1f49c;\" width=\"16\" height=\"16\" \/><\/span><\/div>\n<div dir=\"auto\">Delikatny kolor dodaje lekko\u015bci i \u015bwietnie wpisuje si\u0119 w \u015bwie\u017cy, wiosenny klimat.<\/div>\n","protected":false},"excerpt":{"rendered":"<p>Pi\u0119kna liliowa sukienka z d\u0142ugim r\u0119kawem, uszyta z mi\u0119kkiej, pr\u0105\u017ckowanej dzianiny, zachwyca prostym krojem i ozdobnym wi\u0105zaniem z przodu. Delikatny kolor dodaje lekko\u015bci i \u015bwietnie wpisuje si\u0119 w \u015bwie\u017cy, wiosenny klimat.<\/p>\n","protected":false},"featured_media":2356,"comment_status":"open","ping_status":"closed","template":"","meta":{"_et_pb_use_builder":"","_et_pb_old_content":"","_et_gb_content_width":""},"product_brand":[],"product_cat":[37,36,20,35,51,52,25,43],"product_tag":[],"class_list":{"0":"post-2355","1":"product","2":"type-product","3":"status-publish","4":"has-post-thumbnail","6":"product_cat-10-12-lat","7":"product_cat-8-9-lat","8":"product_cat-6-7-lat","9":"product_cat-4-5-lat","10":"product_cat-kolekcje","11":"product_cat-codzienne","12":"product_cat-dziewczynka","13":"product_cat-sukienki","15":"first","16":"instock","17":"shipping-taxable","18":"purchasable","19":"product-type-variable"},"_links":{"self":[{"href":"https:\/\/kokostore.pl\/index.php\/wp-json\/wp\/v2\/product\/2355","targetHints":{"allow":["GET"]}}],"collection":[{"href":"https:\/\/kokostore.pl\/index.php\/wp-json\/wp\/v2\/product"}],"about":[{"href":"https:\/\/kokostore.pl\/index.php\/wp-json\/wp\/v2\/types\/product"}],"replies":[{"embeddable":true,"href":"https:\/\/kokostore.pl\/index.php\/wp-json\/wp\/v2\/comments?post=2355"}],"wp:featuredmedia":[{"embeddable":true,"href":"https:\/\/kokostore.pl\/index.php\/wp-json\/wp\/v2\/media\/2356"}],"wp:attachment":[{"href":"https:\/\/kokostore.pl\/index.php\/wp-json\/wp\/v2\/media?parent=2355"}],"wp:term":[{"taxonomy":"product_brand","embeddable":true,"href":"https:\/\/kokostore.pl\/index.php\/wp-json\/wp\/v2\/product_brand?post=2355"},{"taxonomy":"product_cat","embeddable":true,"href":"https:\/\/kokostore.pl\/index.php\/wp-json\/wp\/v2\/product_cat?post=2355"},{"taxonomy":"product_tag","embeddable":true,"href":"https:\/\/kokostore.pl\/index.php\/wp-json\/wp\/v2\/product_tag?post=2355"}],"curies":[{"name":"wp","href":"https:\/\/api.w.org\/{rel}","templated":true}]}}