{"id":2342,"date":"2026-03-10T22:46:45","date_gmt":"2026-03-10T21:46:45","guid":{"rendered":"https:\/\/kokostore.pl\/?post_type=product&#038;p=2342"},"modified":"2026-03-16T22:28:30","modified_gmt":"2026-03-16T21:28:30","slug":"bluza-z-motylkiem-3d-igomill","status":"publish","type":"product","link":"https:\/\/kokostore.pl\/index.php\/produkt\/bluza-z-motylkiem-3d-igomill\/","title":{"rendered":"Bluza z motylkiem 3D IGOMILL"},"content":{"rendered":"<p>Wygodna bluza z kapturem i kolorow\u0105 aplikacj\u0105 3D w kszta\u0142cie motyla wykonana z mi\u0119kkiej bawe\u0142ny, kt\u00f3ra idealnie uzupe\u0142ni garderob\u0119 ka\u017cdej dziewczynki! \u015aci\u0105gacz na dole bluzy sprawia \u017ce mo\u017cna dopasowa\u0107 jej szeroko\u015b\u0107 wed\u0142ug w\u0142asnych upodoba\u0144.<\/p>\n","protected":false},"excerpt":{"rendered":"<p>Wygodna bluza z kapturem i kolorow\u0105 aplikacj\u0105 3D w kszta\u0142cie motyla wykonana z mi\u0119kkiej bawe\u0142ny, kt\u00f3ra idealnie uzupe\u0142ni garderob\u0119 ka\u017cdej dziewczynki! \u015aci\u0105gacz na dole bluzy sprawia \u017ce mo\u017cna dopasowa\u0107 jej szeroko\u015b\u0107 wed\u0142ug w\u0142asnych upodoba\u0144.<\/p>\n","protected":false},"featured_media":2343,"comment_status":"open","ping_status":"closed","template":"","meta":{"_et_pb_use_builder":"","_et_pb_old_content":"","_et_gb_content_width":""},"product_brand":[],"product_cat":[37,36,20,35,51,52,25,39],"product_tag":[],"class_list":{"0":"post-2342","1":"product","2":"type-product","3":"status-publish","4":"has-post-thumbnail","6":"product_cat-10-12-lat","7":"product_cat-8-9-lat","8":"product_cat-6-7-lat","9":"product_cat-4-5-lat","10":"product_cat-kolekcje","11":"product_cat-codzienne","12":"product_cat-dziewczynka","13":"product_cat-bluzy","15":"first","16":"instock","17":"shipping-taxable","18":"purchasable","19":"product-type-variable"},"_links":{"self":[{"href":"https:\/\/kokostore.pl\/index.php\/wp-json\/wp\/v2\/product\/2342","targetHints":{"allow":["GET"]}}],"collection":[{"href":"https:\/\/kokostore.pl\/index.php\/wp-json\/wp\/v2\/product"}],"about":[{"href":"https:\/\/kokostore.pl\/index.php\/wp-json\/wp\/v2\/types\/product"}],"replies":[{"embeddable":true,"href":"https:\/\/kokostore.pl\/index.php\/wp-json\/wp\/v2\/comments?post=2342"}],"wp:featuredmedia":[{"embeddable":true,"href":"https:\/\/kokostore.pl\/index.php\/wp-json\/wp\/v2\/media\/2343"}],"wp:attachment":[{"href":"https:\/\/kokostore.pl\/index.php\/wp-json\/wp\/v2\/media?parent=2342"}],"wp:term":[{"taxonomy":"product_brand","embeddable":true,"href":"https:\/\/kokostore.pl\/index.php\/wp-json\/wp\/v2\/product_brand?post=2342"},{"taxonomy":"product_cat","embeddable":true,"href":"https:\/\/kokostore.pl\/index.php\/wp-json\/wp\/v2\/product_cat?post=2342"},{"taxonomy":"product_tag","embeddable":true,"href":"https:\/\/kokostore.pl\/index.php\/wp-json\/wp\/v2\/product_tag?post=2342"}],"curies":[{"name":"wp","href":"https:\/\/api.w.org\/{rel}","templated":true}]}}