{"id":2335,"date":"2026-03-10T22:22:22","date_gmt":"2026-03-10T21:22:22","guid":{"rendered":"https:\/\/kokostore.pl\/?post_type=product&#038;p=2335"},"modified":"2026-03-30T19:14:36","modified_gmt":"2026-03-30T17:14:36","slug":"bluzka-dziewczeca-igomill-2","status":"publish","type":"product","link":"https:\/\/kokostore.pl\/index.php\/produkt\/bluzka-dziewczeca-igomill-2\/","title":{"rendered":"Bluzka dziewcz\u0119ca IGOMILL"},"content":{"rendered":"<p>Stylowa koszulka dziewcz\u0119ca z wyj\u0105tkowymi, koronkowymi r\u0119kawkami, kt\u00f3re dodaj\u0105 jej elegancji i dziewcz\u0119cego uroku. Wykonana z mi\u0119kkiego, komfortowego materia\u0142u, idealnie sprawdzi si\u0119 zar\u00f3wno na co dzie\u0144, jak i na wyj\u0105tkowe okazje. \u015awietnie komponuje si\u0119 ze sp\u00f3dniczk\u0105 lub legginsami, tworz\u0105c modn\u0105 i wygodn\u0105 stylizacj\u0119. &#x2728;&#x1f467;<\/p>\n","protected":false},"excerpt":{"rendered":"<p>Stylowa koszulka dziewcz\u0119ca z wyj\u0105tkowymi, koronkowymi r\u0119kawkami, kt\u00f3re dodaj\u0105 jej elegancji i dziewcz\u0119cego uroku. Wykonana z mi\u0119kkiego, komfortowego materia\u0142u, idealnie sprawdzi si\u0119 zar\u00f3wno na co dzie\u0144, jak i na wyj\u0105tkowe okazje. \u015awietnie komponuje si\u0119 ze sp\u00f3dniczk\u0105 lub legginsami, tworz\u0105c modn\u0105 i wygodn\u0105 stylizacj\u0119. &#x2728;&#x1f467;<\/p>\n","protected":false},"featured_media":2336,"comment_status":"open","ping_status":"closed","template":"","meta":{"_et_pb_use_builder":"","_et_pb_old_content":"","_et_gb_content_width":""},"product_brand":[],"product_cat":[37,36,20,35,51,52,25,38],"product_tag":[],"class_list":{"0":"post-2335","1":"product","2":"type-product","3":"status-publish","4":"has-post-thumbnail","6":"product_cat-10-12-lat","7":"product_cat-8-9-lat","8":"product_cat-6-7-lat","9":"product_cat-4-5-lat","10":"product_cat-kolekcje","11":"product_cat-codzienne","12":"product_cat-dziewczynka","13":"product_cat-bluzki-i-koszule","15":"first","16":"instock","17":"shipping-taxable","18":"purchasable","19":"product-type-variable"},"_links":{"self":[{"href":"https:\/\/kokostore.pl\/index.php\/wp-json\/wp\/v2\/product\/2335","targetHints":{"allow":["GET"]}}],"collection":[{"href":"https:\/\/kokostore.pl\/index.php\/wp-json\/wp\/v2\/product"}],"about":[{"href":"https:\/\/kokostore.pl\/index.php\/wp-json\/wp\/v2\/types\/product"}],"replies":[{"embeddable":true,"href":"https:\/\/kokostore.pl\/index.php\/wp-json\/wp\/v2\/comments?post=2335"}],"wp:featuredmedia":[{"embeddable":true,"href":"https:\/\/kokostore.pl\/index.php\/wp-json\/wp\/v2\/media\/2336"}],"wp:attachment":[{"href":"https:\/\/kokostore.pl\/index.php\/wp-json\/wp\/v2\/media?parent=2335"}],"wp:term":[{"taxonomy":"product_brand","embeddable":true,"href":"https:\/\/kokostore.pl\/index.php\/wp-json\/wp\/v2\/product_brand?post=2335"},{"taxonomy":"product_cat","embeddable":true,"href":"https:\/\/kokostore.pl\/index.php\/wp-json\/wp\/v2\/product_cat?post=2335"},{"taxonomy":"product_tag","embeddable":true,"href":"https:\/\/kokostore.pl\/index.php\/wp-json\/wp\/v2\/product_tag?post=2335"}],"curies":[{"name":"wp","href":"https:\/\/api.w.org\/{rel}","templated":true}]}}