{"id":2324,"date":"2026-03-10T22:06:57","date_gmt":"2026-03-10T21:06:57","guid":{"rendered":"https:\/\/kokostore.pl\/?post_type=product&#038;p=2324"},"modified":"2026-04-08T19:53:46","modified_gmt":"2026-04-08T17:53:46","slug":"bluza-loose-bluzz","status":"publish","type":"product","link":"https:\/\/kokostore.pl\/index.php\/produkt\/bluza-loose-bluzz\/","title":{"rendered":"Tunika LOOSE BLUZZ"},"content":{"rendered":"<p>Stylowa tunika dzieci\u0119ca w modny wz\u00f3r w kropki, kt\u00f3ra \u0142\u0105czy wygod\u0119 z dziewcz\u0119cym urokiem. Lu\u017any kr\u00f3j zapewnia swobod\u0119 ruch\u00f3w, a mi\u0119kki, przyjemny w dotyku materia\u0142 sprawia, \u017ce \u015bwietnie sprawdzi si\u0119 na co dzie\u0144. Idealna do leggins\u00f3w \u2013 tworzy wygodn\u0105 i modn\u0105 stylizacj\u0119 dla ma\u0142ej mi\u0142o\u015bniczki stylu. &#x2728;&#x1f467;<\/p>\n","protected":false},"excerpt":{"rendered":"<p>Stylowa tunika dzieci\u0119ca w modny wz\u00f3r w kropki, kt\u00f3ra \u0142\u0105czy wygod\u0119 z dziewcz\u0119cym urokiem. Lu\u017any kr\u00f3j zapewnia swobod\u0119 ruch\u00f3w, a mi\u0119kki, przyjemny w dotyku materia\u0142 sprawia, \u017ce \u015bwietnie sprawdzi si\u0119 na co dzie\u0144. Idealna do leggins\u00f3w \u2013 tworzy wygodn\u0105 i modn\u0105 stylizacj\u0119 dla ma\u0142ej mi\u0142o\u015bniczki stylu. &#x2728;&#x1f467;<\/p>\n","protected":false},"featured_media":2319,"comment_status":"open","ping_status":"closed","template":"","meta":{"_et_pb_use_builder":"","_et_pb_old_content":"","_et_gb_content_width":""},"product_brand":[],"product_cat":[35,51,52,54,25,39,27],"product_tag":[],"class_list":{"0":"post-2324","1":"product","2":"type-product","3":"status-publish","4":"has-post-thumbnail","6":"product_cat-4-5-lat","7":"product_cat-kolekcje","8":"product_cat-codzienne","9":"product_cat-sportowe","10":"product_cat-dziewczynka","11":"product_cat-bluzy","12":"product_cat-wyprzedaz","14":"first","15":"instock","16":"sale","17":"shipping-taxable","18":"purchasable","19":"product-type-variable"},"_links":{"self":[{"href":"https:\/\/kokostore.pl\/index.php\/wp-json\/wp\/v2\/product\/2324","targetHints":{"allow":["GET"]}}],"collection":[{"href":"https:\/\/kokostore.pl\/index.php\/wp-json\/wp\/v2\/product"}],"about":[{"href":"https:\/\/kokostore.pl\/index.php\/wp-json\/wp\/v2\/types\/product"}],"replies":[{"embeddable":true,"href":"https:\/\/kokostore.pl\/index.php\/wp-json\/wp\/v2\/comments?post=2324"}],"wp:featuredmedia":[{"embeddable":true,"href":"https:\/\/kokostore.pl\/index.php\/wp-json\/wp\/v2\/media\/2319"}],"wp:attachment":[{"href":"https:\/\/kokostore.pl\/index.php\/wp-json\/wp\/v2\/media?parent=2324"}],"wp:term":[{"taxonomy":"product_brand","embeddable":true,"href":"https:\/\/kokostore.pl\/index.php\/wp-json\/wp\/v2\/product_brand?post=2324"},{"taxonomy":"product_cat","embeddable":true,"href":"https:\/\/kokostore.pl\/index.php\/wp-json\/wp\/v2\/product_cat?post=2324"},{"taxonomy":"product_tag","embeddable":true,"href":"https:\/\/kokostore.pl\/index.php\/wp-json\/wp\/v2\/product_tag?post=2324"}],"curies":[{"name":"wp","href":"https:\/\/api.w.org\/{rel}","templated":true}]}}