{"id":2317,"date":"2026-03-10T21:59:46","date_gmt":"2026-03-10T20:59:46","guid":{"rendered":"https:\/\/kokostore.pl\/?post_type=product&#038;p=2317"},"modified":"2026-04-08T19:53:55","modified_gmt":"2026-04-08T17:53:55","slug":"2317","status":"publish","type":"product","link":"https:\/\/kokostore.pl\/index.php\/produkt\/2317\/","title":{"rendered":"Komplet dziewcz\u0119cy LOOSE BLUZZ"},"content":{"rendered":"<article class=\"text-token-text-primary w-full focus:outline-none [--shadow-height:45px] has-data-writing-block:pointer-events-none has-data-writing-block:-mt-(--shadow-height) has-data-writing-block:pt-(--shadow-height) [&amp;:has([data-writing-block])&gt;*]:pointer-events-auto scroll-mt-(--header-height)\" dir=\"auto\" style=\"font-style: normal;font-weight: 400;letter-spacing: normal;text-align: start;text-indent: 0px;text-transform: none;white-space: normal;text-decoration: none;color: #000000\" data-turn-id=\"43e60c01-8542-458e-9ae3-a1663224dd19\" data-testid=\"conversation-turn-1\" data-scroll-anchor=\"false\" data-turn=\"user\">\n<div class=\"text-base my-auto mx-auto pt-3 [--thread-content-margin:var(--thread-content-margin-xs,calc(var(--spacing)*4))] @w-sm\/main:[--thread-content-margin:var(--thread-content-margin-sm,calc(var(--spacing)*6))] @w-lg\/main:[--thread-content-margin:var(--thread-content-margin-lg,calc(var(--spacing)*16))] px-(--thread-content-margin)\">\n<div class=\"[--thread-content-max-width:40rem] @w-lg\/main:[--thread-content-max-width:48rem] mx-auto max-w-(--thread-content-max-width) flex-1 group\/turn-messages focus-visible:outline-hidden relative flex w-full min-w-0 flex-col\">\n<div class=\"flex max-w-full flex-col gap-4 grow\">\n<div class=\"min-h-8 text-message relative flex w-full flex-col items-end gap-2 text-start break-words whitespace-normal [.text-message+&amp;]:mt-1\" dir=\"auto\" data-message-author-role=\"user\" data-message-id=\"43e60c01-8542-458e-9ae3-a1663224dd19\">\n<div class=\"flex w-full flex-col gap-1 empty:hidden items-end rtl:items-start\">\n<div class=\"user-message-bubble-color corner-superellipse\/0.98 relative rounded-[22px] px-4 py-2.5 leading-6 rounded-se-lg max-w-(--user-chat-width,70%)\">\n<div class=\"whitespace-pre-wrap\">Komplet dzieci\u0119cy w modny wz\u00f3r w kropki, kt\u00f3ry \u0142\u0105czy wygod\u0119 i styl. Bluza o lu\u017anym kroju zapewnia swobod\u0119 ruch\u00f3w, a dopasowane legginsy idealnie dope\u0142niaj\u0105 ca\u0142o\u015b\u0107. Mi\u0119kki, przyjemny w dotyku materia\u0142 sprawia, \u017ce zestaw \u015bwietnie sprawdzi si\u0119 zar\u00f3wno na co dzie\u0144, jak i podczas aktywnej zabawy. Stylowy, a jednocze\u015bnie komfortowy wyb\u00f3r dla ma\u0142ych mi\u0142o\u015bniczek mody. &#x2728;&#x1f467;<\/div>\n<\/div>\n<\/div>\n<\/div>\n<\/div>\n<\/div>\n<\/div>\n<\/article>\n","protected":false},"excerpt":{"rendered":"<p>Komplet dzieci\u0119cy w modny wz\u00f3r w kropki, kt\u00f3ry \u0142\u0105czy wygod\u0119 i styl. Bluza o lu\u017anym kroju zapewnia swobod\u0119 ruch\u00f3w, a dopasowane legginsy idealnie dope\u0142niaj\u0105 ca\u0142o\u015b\u0107. Mi\u0119kki, przyjemny w dotyku materia\u0142 sprawia, \u017ce zestaw \u015bwietnie sprawdzi si\u0119 zar\u00f3wno na co dzie\u0144, jak i podczas aktywnej zabawy. Stylowy, a jednocze\u015bnie komfortowy wyb\u00f3r dla ma\u0142ych mi\u0142o\u015bniczek mody. &#x2728;&#x1f467;<\/p>\n","protected":false},"featured_media":2318,"comment_status":"open","ping_status":"closed","template":"","meta":{"_et_pb_use_builder":"","_et_pb_old_content":"","_et_gb_content_width":""},"product_brand":[],"product_cat":[36,35,51,52,54,25,39,41,27],"product_tag":[],"class_list":{"0":"post-2317","1":"product","2":"type-product","3":"status-publish","4":"has-post-thumbnail","6":"product_cat-8-9-lat","7":"product_cat-4-5-lat","8":"product_cat-kolekcje","9":"product_cat-codzienne","10":"product_cat-sportowe","11":"product_cat-dziewczynka","12":"product_cat-bluzy","13":"product_cat-legginsy","14":"product_cat-wyprzedaz","16":"first","17":"instock","18":"sale","19":"shipping-taxable","20":"purchasable","21":"product-type-variable"},"_links":{"self":[{"href":"https:\/\/kokostore.pl\/index.php\/wp-json\/wp\/v2\/product\/2317","targetHints":{"allow":["GET"]}}],"collection":[{"href":"https:\/\/kokostore.pl\/index.php\/wp-json\/wp\/v2\/product"}],"about":[{"href":"https:\/\/kokostore.pl\/index.php\/wp-json\/wp\/v2\/types\/product"}],"replies":[{"embeddable":true,"href":"https:\/\/kokostore.pl\/index.php\/wp-json\/wp\/v2\/comments?post=2317"}],"wp:featuredmedia":[{"embeddable":true,"href":"https:\/\/kokostore.pl\/index.php\/wp-json\/wp\/v2\/media\/2318"}],"wp:attachment":[{"href":"https:\/\/kokostore.pl\/index.php\/wp-json\/wp\/v2\/media?parent=2317"}],"wp:term":[{"taxonomy":"product_brand","embeddable":true,"href":"https:\/\/kokostore.pl\/index.php\/wp-json\/wp\/v2\/product_brand?post=2317"},{"taxonomy":"product_cat","embeddable":true,"href":"https:\/\/kokostore.pl\/index.php\/wp-json\/wp\/v2\/product_cat?post=2317"},{"taxonomy":"product_tag","embeddable":true,"href":"https:\/\/kokostore.pl\/index.php\/wp-json\/wp\/v2\/product_tag?post=2317"}],"curies":[{"name":"wp","href":"https:\/\/api.w.org\/{rel}","templated":true}]}}