{"id":2296,"date":"2026-03-10T21:21:09","date_gmt":"2026-03-10T20:21:09","guid":{"rendered":"https:\/\/kokostore.pl\/?post_type=product&#038;p=2296"},"modified":"2026-03-14T21:21:40","modified_gmt":"2026-03-14T20:21:40","slug":"bluza-chlopieca-all-for-kids","status":"publish","type":"product","link":"https:\/\/kokostore.pl\/index.php\/produkt\/bluza-chlopieca-all-for-kids\/","title":{"rendered":"Bluza ch\u0142opi\u0119ca ALL FOR KIDS"},"content":{"rendered":"<p>Stylowa b\u0142\u0119kitna bluza z wyrazistym nadrukiem \u201eWeekend Plans &#8211; Do It Nothing\u201d od marki ALL FOR KIDS poleca si\u0119 KOKOSowym klientom! <span class=\"html-span xexx8yu xyri2b x18d9i69 x1c1uobl x1hl2dhg x16tdsg8 x1vvkbs x3nfvp2 x1j61x8r x1fcty0u xdj266r xat24cr xm2jcoa x1mpyi22 xxymvpz xlup9mm x1kky2od\"><img loading=\"lazy\" decoding=\"async\" class=\"xz74otr x15mokao x1ga7v0g x16uus16 xbiv7yw\" src=\"https:\/\/static.xx.fbcdn.net\/images\/emoji.php\/v9\/t22\/2\/16\/1f60e.png\" alt=\"&#x1f60e;\" width=\"16\" height=\"16\" \/><\/span> Wygodny, lu\u017any kr\u00f3j i mi\u0119kka dzianina zapewnia komfort na co dzie\u0144, a modny design pozwala wyr\u00f3\u017cni\u0107 si\u0119 w ka\u017cdej sytuacji.<\/p>\n","protected":false},"excerpt":{"rendered":"<p>Stylowa b\u0142\u0119kitna bluza z wyrazistym nadrukiem \u201eWeekend Plans &#8211; Do It Nothing\u201d od marki ALL FOR KIDS poleca si\u0119 KOKOSowym klientom! Wygodny, lu\u017any kr\u00f3j i mi\u0119kka dzianina zapewnia komfort na co dzie\u0144, a modny design pozwala wyr\u00f3\u017cni\u0107 si\u0119 w ka\u017cdej sytuacji.<\/p>\n","protected":false},"featured_media":2298,"comment_status":"open","ping_status":"closed","template":"","meta":{"_et_pb_use_builder":"","_et_pb_old_content":"","_et_gb_content_width":""},"product_brand":[],"product_cat":[36,20,35,51,52,54,19,47],"product_tag":[],"class_list":{"0":"post-2296","1":"product","2":"type-product","3":"status-publish","4":"has-post-thumbnail","6":"product_cat-8-9-lat","7":"product_cat-6-7-lat","8":"product_cat-4-5-lat","9":"product_cat-kolekcje","10":"product_cat-codzienne","11":"product_cat-sportowe","12":"product_cat-chlopiec","13":"product_cat-bluzki-i-koszule-chlopiec","15":"first","16":"instock","17":"shipping-taxable","18":"purchasable","19":"product-type-variable"},"_links":{"self":[{"href":"https:\/\/kokostore.pl\/index.php\/wp-json\/wp\/v2\/product\/2296","targetHints":{"allow":["GET"]}}],"collection":[{"href":"https:\/\/kokostore.pl\/index.php\/wp-json\/wp\/v2\/product"}],"about":[{"href":"https:\/\/kokostore.pl\/index.php\/wp-json\/wp\/v2\/types\/product"}],"replies":[{"embeddable":true,"href":"https:\/\/kokostore.pl\/index.php\/wp-json\/wp\/v2\/comments?post=2296"}],"wp:featuredmedia":[{"embeddable":true,"href":"https:\/\/kokostore.pl\/index.php\/wp-json\/wp\/v2\/media\/2298"}],"wp:attachment":[{"href":"https:\/\/kokostore.pl\/index.php\/wp-json\/wp\/v2\/media?parent=2296"}],"wp:term":[{"taxonomy":"product_brand","embeddable":true,"href":"https:\/\/kokostore.pl\/index.php\/wp-json\/wp\/v2\/product_brand?post=2296"},{"taxonomy":"product_cat","embeddable":true,"href":"https:\/\/kokostore.pl\/index.php\/wp-json\/wp\/v2\/product_cat?post=2296"},{"taxonomy":"product_tag","embeddable":true,"href":"https:\/\/kokostore.pl\/index.php\/wp-json\/wp\/v2\/product_tag?post=2296"}],"curies":[{"name":"wp","href":"https:\/\/api.w.org\/{rel}","templated":true}]}}