{"id":2282,"date":"2026-03-10T11:11:41","date_gmt":"2026-03-10T10:11:41","guid":{"rendered":"https:\/\/kokostore.pl\/?post_type=product&#038;p=2282"},"modified":"2026-03-14T21:42:18","modified_gmt":"2026-03-14T20:42:18","slug":"bluza-all-for-kids","status":"publish","type":"product","link":"https:\/\/kokostore.pl\/index.php\/produkt\/bluza-all-for-kids\/","title":{"rendered":"Bluza ALL FOR KIDS"},"content":{"rendered":"<p>Stylowa bluza z wyrazistym nadrukiem \u201eBreak the Rules\u201d od marki ALL FOR KIDS poleca si\u0119 KOKOSowym klientom! Wygodny, lu\u017any kr\u00f3j i mi\u0119kka dzianina zapewniaj\u0105 komfort na co dzie\u0144, a modny design pozwala wyr\u00f3\u017cni\u0107 si\u0119 w ka\u017cdej sytuacji.<\/p>\n","protected":false},"excerpt":{"rendered":"<p>Stylowa bluza z wyrazistym nadrukiem \u201eBreak the Rules\u201d od marki ALL FOR KIDS poleca si\u0119 KOKOSowym klientom! Wygodny, lu\u017any kr\u00f3j i mi\u0119kka dzianina zapewniaj\u0105 komfort na co dzie\u0144, a modny design pozwala wyr\u00f3\u017cni\u0107 si\u0119 w ka\u017cdej sytuacji.<\/p>\n","protected":false},"featured_media":2283,"comment_status":"open","ping_status":"closed","template":"","meta":{"_et_pb_use_builder":"","_et_pb_old_content":"","_et_gb_content_width":""},"product_brand":[],"product_cat":[56,37,36,20,35,51,52,54,19,47],"product_tag":[],"class_list":{"0":"post-2282","1":"product","2":"type-product","3":"status-publish","4":"has-post-thumbnail","6":"product_cat-wszystko","7":"product_cat-10-12-lat","8":"product_cat-8-9-lat","9":"product_cat-6-7-lat","10":"product_cat-4-5-lat","11":"product_cat-kolekcje","12":"product_cat-codzienne","13":"product_cat-sportowe","14":"product_cat-chlopiec","15":"product_cat-bluzki-i-koszule-chlopiec","17":"first","18":"instock","19":"shipping-taxable","20":"purchasable","21":"product-type-variable"},"_links":{"self":[{"href":"https:\/\/kokostore.pl\/index.php\/wp-json\/wp\/v2\/product\/2282","targetHints":{"allow":["GET"]}}],"collection":[{"href":"https:\/\/kokostore.pl\/index.php\/wp-json\/wp\/v2\/product"}],"about":[{"href":"https:\/\/kokostore.pl\/index.php\/wp-json\/wp\/v2\/types\/product"}],"replies":[{"embeddable":true,"href":"https:\/\/kokostore.pl\/index.php\/wp-json\/wp\/v2\/comments?post=2282"}],"wp:featuredmedia":[{"embeddable":true,"href":"https:\/\/kokostore.pl\/index.php\/wp-json\/wp\/v2\/media\/2283"}],"wp:attachment":[{"href":"https:\/\/kokostore.pl\/index.php\/wp-json\/wp\/v2\/media?parent=2282"}],"wp:term":[{"taxonomy":"product_brand","embeddable":true,"href":"https:\/\/kokostore.pl\/index.php\/wp-json\/wp\/v2\/product_brand?post=2282"},{"taxonomy":"product_cat","embeddable":true,"href":"https:\/\/kokostore.pl\/index.php\/wp-json\/wp\/v2\/product_cat?post=2282"},{"taxonomy":"product_tag","embeddable":true,"href":"https:\/\/kokostore.pl\/index.php\/wp-json\/wp\/v2\/product_tag?post=2282"}],"curies":[{"name":"wp","href":"https:\/\/api.w.org\/{rel}","templated":true}]}}