{"id":2275,"date":"2026-03-10T10:53:43","date_gmt":"2026-03-10T09:53:43","guid":{"rendered":"https:\/\/kokostore.pl\/?post_type=product&#038;p=2275"},"modified":"2026-03-14T21:41:56","modified_gmt":"2026-03-14T20:41:56","slug":"t-shirt-gang-all-for-kids","status":"publish","type":"product","link":"https:\/\/kokostore.pl\/index.php\/produkt\/t-shirt-gang-all-for-kids\/","title":{"rendered":"T-shirt GANG ALL FOR KIDS"},"content":{"rendered":"<p>Modna koszulka dzieci\u0119ca z kolorowym, streetwearowym nadrukiem. Wykonana z mi\u0119kkiej i wygodnej bawe\u0142ny, idealna na co dzie\u0144-do szko\u0142y, na spacer lub spotkanie z przyjaci\u00f3\u0142mi. Stylowa i wygodna dla ka\u017cdego ma\u0142ego fana miejskiego stylu.<\/p>\n","protected":false},"excerpt":{"rendered":"<p>Modna koszulka dzieci\u0119ca z kolorowym, streetwearowym nadrukiem. Wykonana z mi\u0119kkiej i wygodnej bawe\u0142ny, idealna na co dzie\u0144-do szko\u0142y, na spacer lub spotkanie z przyjaci\u00f3\u0142mi. Stylowa i wygodna dla ka\u017cdego ma\u0142ego fana miejskiego stylu.<\/p>\n","protected":false},"featured_media":2276,"comment_status":"open","ping_status":"closed","template":"","meta":{"_et_pb_use_builder":"","_et_pb_old_content":"","_et_gb_content_width":""},"product_brand":[],"product_cat":[56,37,36,20,35,51,52,54,19,46],"product_tag":[],"class_list":{"0":"post-2275","1":"product","2":"type-product","3":"status-publish","4":"has-post-thumbnail","6":"product_cat-wszystko","7":"product_cat-10-12-lat","8":"product_cat-8-9-lat","9":"product_cat-6-7-lat","10":"product_cat-4-5-lat","11":"product_cat-kolekcje","12":"product_cat-codzienne","13":"product_cat-sportowe","14":"product_cat-chlopiec","15":"product_cat-t-shirty","17":"first","18":"instock","19":"shipping-taxable","20":"purchasable","21":"product-type-variable"},"_links":{"self":[{"href":"https:\/\/kokostore.pl\/index.php\/wp-json\/wp\/v2\/product\/2275","targetHints":{"allow":["GET"]}}],"collection":[{"href":"https:\/\/kokostore.pl\/index.php\/wp-json\/wp\/v2\/product"}],"about":[{"href":"https:\/\/kokostore.pl\/index.php\/wp-json\/wp\/v2\/types\/product"}],"replies":[{"embeddable":true,"href":"https:\/\/kokostore.pl\/index.php\/wp-json\/wp\/v2\/comments?post=2275"}],"wp:featuredmedia":[{"embeddable":true,"href":"https:\/\/kokostore.pl\/index.php\/wp-json\/wp\/v2\/media\/2276"}],"wp:attachment":[{"href":"https:\/\/kokostore.pl\/index.php\/wp-json\/wp\/v2\/media?parent=2275"}],"wp:term":[{"taxonomy":"product_brand","embeddable":true,"href":"https:\/\/kokostore.pl\/index.php\/wp-json\/wp\/v2\/product_brand?post=2275"},{"taxonomy":"product_cat","embeddable":true,"href":"https:\/\/kokostore.pl\/index.php\/wp-json\/wp\/v2\/product_cat?post=2275"},{"taxonomy":"product_tag","embeddable":true,"href":"https:\/\/kokostore.pl\/index.php\/wp-json\/wp\/v2\/product_tag?post=2275"}],"curies":[{"name":"wp","href":"https:\/\/api.w.org\/{rel}","templated":true}]}}