{"id":50,"date":"2025-12-26T21:09:33","date_gmt":"2025-12-26T20:09:33","guid":{"rendered":"http:\/\/koko.vnx.pl\/index.php\/moje-konto\/"},"modified":"2026-03-02T20:13:49","modified_gmt":"2026-03-02T19:13:49","slug":"moje-konto","status":"publish","type":"page","link":"https:\/\/kokostore.pl\/index.php\/moje-konto\/","title":{"rendered":"Moje konto"},"content":{"rendered":"[et_pb_section fb_built=&#8221;1&#8243; admin_label=&#8221;section&#8221; _builder_version=&#8221;4.27.4&#8243; hover_enabled=&#8221;0&#8243; global_colors_info=&#8221;{}&#8221; custom_margin__hover_enabled=&#8221;off|desktop&#8221; custom_margin_last_edited=&#8221;on|phone&#8221; sticky_enabled=&#8221;0&#8243; custom_margin_phone=&#8221;25vw||||false|false&#8221;][et_pb_row admin_label=&#8221;row&#8221; _builder_version=&#8221;4.16&#8243; background_size=&#8221;initial&#8221; background_position=&#8221;top_left&#8221; background_repeat=&#8221;repeat&#8221; global_colors_info=&#8221;{}&#8221;][et_pb_column type=&#8221;4_4&#8243; _builder_version=&#8221;4.16&#8243; custom_padding=&#8221;|||&#8221; global_colors_info=&#8221;{}&#8221; custom_padding__hover=&#8221;|||&#8221;][et_pb_text admin_label=&#8221;Text&#8221; _builder_version=&#8221;4.27.4&#8243; text_font=&#8221;&#8211;et_global_heading_font||||||||&#8221; text_text_color=&#8221;gcid-19e3c39b-71d7-416f-b5fc-dda3a4d40f19&#8243; header_text_color=&#8221;gcid-primary-color&#8221; header_3_font=&#8221;||||||||&#8221; background_size=&#8221;initial&#8221; background_position=&#8221;top_left&#8221; background_repeat=&#8221;repeat&#8221; custom_css_free_form=&#8221;\/* ===== MENU PO LEWEJ ===== *\/||.woocommerce-MyAccount-navigation {||    background:#f9f6f2;||    padding:20px;||    border-radius:12px;||}||.woocommerce-MyAccount-navigation ul {||    list-style:none;||    margin:0;||    padding:0;||}||.woocommerce-MyAccount-navigation li + li {||    margin-top:12px;||}||.woocommerce-MyAccount-navigation a {||    display:block;||    padding:16px 20px;||    font-size:18px;||    font-weight:500;||    background:#fff;||    border-radius:8px;||    text-decoration:none;||    transition:.3s;||}||.woocommerce-MyAccount-navigation a:hover {||    background:#efe7dc;||}||.woocommerce-MyAccount-navigation .is-active a {||    background:#e6d2b5;||    font-weight:600;||}||||\/* ===== PRAWA STRONA ===== *\/||.woocommerce-MyAccount-content {||    background:#f9f6f2;||    padding:30px;||    border-radius:12px;||}||.woocommerce-MyAccount-content p {||    font-size:17px;||    line-height:1.7;||}||.woocommerce-MyAccount-content strong,||.woocommerce-MyAccount-content a {||    color:#c58a2b;||}||||\/* ===== ADRESY \u2013 POPRAWIONY UK\u0141AD ===== *\/||.woocommerce-Addresses {||    display:flex;||    gap:40px;||    margin-top:20px;||}||.woocommerce-Addresses .woocommerce-Address {||    flex:1;||    background:#fff;||    padding:25px;||    border-radius:10px;||}||.woocommerce-Addresses h3 {||    font-size:22px;||    margin-bottom:15px;||}||.woocommerce-Addresses address {||    margin:0 0 15px 0;||}||.woocommerce-Addresses .edit {||    display:inline-block;||    margin-top:10px;||    font-weight:500;||}||||\/* ===== ADRESY \u2013 poprawa typografii ===== *\/||||\/* Zmniejszenie nag\u0142\u00f3wk\u00f3w *\/||.woocommerce-Addresses h3 {||    font-size: 20px;||    white-space: nowrap;   \/* wymusza jedn\u0105 lini\u0119 *\/||    margin-bottom: 15px;||}||||\/* Wy\u015brodkowanie zawarto\u015bci kart *\/||.woocommerce-Addresses .woocommerce-Address {||    text-align: center;||}||||\/* Tekst pod nag\u0142\u00f3wkiem *\/||.woocommerce-Addresses address,||.woocommerce-Addresses p {||    text-align: center;||}||||\/* Link %22Dodaj adres%22 *\/||.woocommerce-Addresses .edit {||    display: inline-block;||    margin-top: 12px;||    font-size: 12px;||}||||||||\/* ===== ZAM\u00d3WIENIA \u2013 usuni\u0119cie br\u0105zowego t\u0142a ===== *\/||||.woocommerce-info {||    background: #f3ede4 !important;||    color: #3a3a3a !important;||    border: none !important;||    box-shadow: none !important;||}||||\/* ============================= *\/||\/* ZAM\u00d3WIENIA \u2013 usuni\u0119cie ma\u0142ego t\u0142a *\/||\/* ============================= *\/||||\/* Usuwa wewn\u0119trzny jasny box *\/||.woocommerce-info {||    background: transparent !important;||    padding: 0 !important;||    margin: 0 !important;||}||||\/* Styl przycisku \u2013 mniejszy *\/||.woocommerce-info .button {||    padding: 8px 18px !important;||    font-size: 14px !important;||    border-radius: 6px !important;||}||||||\/* ============================= *\/||\/* ADRESY \u2013 idealne wy\u015brodkowanie linku *\/||\/* ============================= *\/||||\/* Kontener kart *\/||.woocommerce-Addresses .woocommerce-Address {||    text-align: center;||}||||\/* Link %22Dodaj adres%22 *\/||.woocommerce-Addresses .woocommerce-Address a {||    display: inline-block !important;||    margin: 10px auto 0 auto !important;||    float: none !important;||}||||\/* Zam\u00f3wienia \u2013 wi\u0119kszy odst\u0119p przycisku od tekstu *\/||.woocommerce-info .button {||    margin-top: 18px !important;||}||||\/* Zam\u00f3wienia \u2013 poprawny hover przycisku *\/||.woocommerce-info .button:hover {||    background: #c58a2b !important;||    color: #fff !important;||    border-color: #c58a2b !important;||}||||\/* Je\u015bli masz wersj\u0119 outline (jasne t\u0142o + z\u0142ota ramka) *\/||.woocommerce-info .button {||    border: 1px solid #c58a2b;||    background: transparent;||    color: #c58a2b;||    transition: 0.3s ease;||}||||\/* Usu\u0144 strza\u0142k\u0119 \/ pseudo-element z przycisku *\/||.woocommerce-info .button::after,||.woocommerce-info .button:after {||    content: none !important;||    display: none !important;||}||||\/* ===== PRZYCISK \u2013 semi-bold ===== *\/||.woocommerce-info .button {||    font-weight: 600 !important;||}||||||\/* ===== LINKI W ADRESACH \u2013 semi-bold ===== *\/||.woocommerce-Addresses .woocommerce-Address a {||    font-weight: 600 !important;||}&#8221; global_colors_info=&#8221;{%22gcid-primary-color%22:%91%22header_text_color%22%93,%22gcid-19e3c39b-71d7-416f-b5fc-dda3a4d40f19%22:%91%22text_text_color%22%93}&#8221;]<p><div class=\"woocommerce\"><\/div>\n<\/p>[\/et_pb_text][\/et_pb_column][\/et_pb_row][\/et_pb_section]","protected":false},"excerpt":{"rendered":"<div class=\"woocommerce\"><\/div>\n","protected":false},"author":1,"featured_media":0,"parent":0,"menu_order":0,"comment_status":"closed","ping_status":"closed","template":"","meta":{"_et_pb_use_builder":"on","_et_pb_old_content":"<!-- wp:shortcode -->[woocommerce_my_account]<!-- \/wp:shortcode -->","_et_gb_content_width":"","footnotes":""},"class_list":["post-50","page","type-page","status-publish","hentry"],"_links":{"self":[{"href":"https:\/\/kokostore.pl\/index.php\/wp-json\/wp\/v2\/pages\/50","targetHints":{"allow":["GET"]}}],"collection":[{"href":"https:\/\/kokostore.pl\/index.php\/wp-json\/wp\/v2\/pages"}],"about":[{"href":"https:\/\/kokostore.pl\/index.php\/wp-json\/wp\/v2\/types\/page"}],"author":[{"embeddable":true,"href":"https:\/\/kokostore.pl\/index.php\/wp-json\/wp\/v2\/users\/1"}],"replies":[{"embeddable":true,"href":"https:\/\/kokostore.pl\/index.php\/wp-json\/wp\/v2\/comments?post=50"}],"version-history":[{"count":25,"href":"https:\/\/kokostore.pl\/index.php\/wp-json\/wp\/v2\/pages\/50\/revisions"}],"predecessor-version":[{"id":2140,"href":"https:\/\/kokostore.pl\/index.php\/wp-json\/wp\/v2\/pages\/50\/revisions\/2140"}],"wp:attachment":[{"href":"https:\/\/kokostore.pl\/index.php\/wp-json\/wp\/v2\/media?parent=50"}],"curies":[{"name":"wp","href":"https:\/\/api.w.org\/{rel}","templated":true}]}}